{"id":9853,"date":"2022-03-25T20:38:26","date_gmt":"2022-03-25T20:38:26","guid":{"rendered":"http:\/\/pnw.venbit.net\/?page_id=9853"},"modified":"2026-01-06T08:41:38","modified_gmt":"2026-01-05T23:41:38","slug":"xe-mo-to-khoa-hoc","status":"publish","type":"page","link":"https:\/\/gowmst.com\/vi\/motorcycle-washington-motorcycle-safety-training-permit-endorsement-testing-dol-approved\/motorcycle-beginner-courses\/","title":{"rendered":"Motorcycle | Beginner Courses"},"content":{"rendered":"<div data-elementor-type=\"wp-page\" data-elementor-id=\"9853\" class=\"elementor elementor-9853\" data-elementor-post-type=\"page\">\n\t\t\t\t\t\t<section class=\"elementor-section elementor-top-section elementor-element elementor-element-8cfaee6 elementor-section-boxed elementor-section-height-default elementor-section-height-default\" data-id=\"8cfaee6\" data-element_type=\"section\" data-e-type=\"section\" data-settings=\"{&quot;background_background&quot;:&quot;classic&quot;}\">\n\t\t\t\t\t\t\t<div class=\"elementor-background-overlay\"><\/div>\n\t\t\t\t\t\t\t<div class=\"elementor-container elementor-column-gap-default\">\n\t\t\t\t\t<div class=\"elementor-column elementor-col-100 elementor-top-column elementor-element elementor-element-3c025fc\" data-id=\"3c025fc\" data-element_type=\"column\" data-e-type=\"column\">\n\t\t\t<div class=\"elementor-widget-wrap elementor-element-populated\">\n\t\t\t\t\t\t<div class=\"elementor-element elementor-element-dedd62d elementor-widget elementor-widget-heading\" data-id=\"dedd62d\" data-element_type=\"widget\" data-e-type=\"widget\" data-widget_type=\"heading.default\">\n\t\t\t\t<div class=\"elementor-widget-container\">\n\t\t\t\t\t<h1 class=\"elementor-heading-title elementor-size-default\">Kh\u00f3a h\u1ecdc d\u00e0nh cho ng\u01b0\u1eddi m\u1edbi b\u1eaft \u0111\u1ea7u \u0111i xe m\u00e1y<\/h1>\t\t\t\t<\/div>\n\t\t\t\t<\/div>\n\t\t\t\t<div class=\"elementor-element elementor-element-f7183a2 elementor-widget elementor-widget-heading\" data-id=\"f7183a2\" data-element_type=\"widget\" data-e-type=\"widget\" data-widget_type=\"heading.default\">\n\t\t\t\t<div class=\"elementor-widget-container\">\n\t\t\t\t\t<h4 class=\"elementor-heading-title elementor-size-default\">Hu\u1ea5n luy\u1ec7n An to\u00e0n Xe m\u00e1y Washington<\/h4>\t\t\t\t<\/div>\n\t\t\t\t<\/div>\n\t\t\t\t\t<\/div>\n\t\t<\/div>\n\t\t\t\t\t<\/div>\n\t\t<\/section>\n\t\t\t\t<section class=\"elementor-section elementor-top-section elementor-element elementor-element-39b355e elementor-section-boxed elementor-section-height-default elementor-section-height-default\" data-id=\"39b355e\" data-element_type=\"section\" data-e-type=\"section\" data-settings=\"{&quot;background_background&quot;:&quot;classic&quot;}\">\n\t\t\t\t\t\t\t<div class=\"elementor-background-overlay\"><\/div>\n\t\t\t\t\t\t\t<div class=\"elementor-container elementor-column-gap-default\">\n\t\t\t\t\t<div class=\"elementor-column elementor-col-100 elementor-top-column elementor-element elementor-element-617fdec\" data-id=\"617fdec\" data-element_type=\"column\" data-e-type=\"column\">\n\t\t\t<div class=\"elementor-widget-wrap elementor-element-populated\">\n\t\t\t\t\t\t<div class=\"elementor-element elementor-element-9eda4b8 elementor-widget elementor-widget-heading\" data-id=\"9eda4b8\" data-element_type=\"widget\" data-e-type=\"widget\" data-widget_type=\"heading.default\">\n\t\t\t\t<div class=\"elementor-widget-container\">\n\t\t\t\t\t<h5 class=\"elementor-heading-title elementor-size-default\">Kh\u00f3a \u0111\u00e0o t\u1ea1o an to\u00e0n xe m\u00e1y <\/h5>\t\t\t\t<\/div>\n\t\t\t\t<\/div>\n\t\t\t\t<div class=\"elementor-element elementor-element-86ca96f elementor-widget elementor-widget-heading\" data-id=\"86ca96f\" data-element_type=\"widget\" data-e-type=\"widget\" data-widget_type=\"heading.default\">\n\t\t\t\t<div class=\"elementor-widget-container\">\n\t\t\t\t\t<h2 class=\"elementor-heading-title elementor-size-default\">Ch\u1ecdn kh\u00f3a h\u1ecdc m\u00f4 t\u00f4 ph\u00f9 h\u1ee3p<\/h2>\t\t\t\t<\/div>\n\t\t\t\t<\/div>\n\t\t\t\t<div class=\"elementor-element elementor-element-771586d elementor-widget elementor-widget-text-editor\" data-id=\"771586d\" data-element_type=\"widget\" data-e-type=\"widget\" data-widget_type=\"text-editor.default\">\n\t\t\t\t<div class=\"elementor-widget-container\">\n\t\t\t\t\t\t\t\t\t<p>WMST cung c\u1ea5p m\u1ed9t lo\u1ea1t c\u00e1c ch\u01b0\u01a1ng tr\u00ecnh cho ph\u00e9p nh\u1eefng ng\u01b0\u1eddi l\u00e1i xe m\u00f4 t\u00f4 m\u1edbi, trung c\u1ea5p v\u00e0 c\u00f3 kinh nghi\u1ec7m ph\u00e1t huy ti\u1ec1m n\u0103ng c\u1ee7a h\u1ecd.<\/p>\t\t\t\t\t\t\t\t<\/div>\n\t\t\t\t<\/div>\n\t\t\t\t<section class=\"elementor-section elementor-inner-section elementor-element elementor-element-c2b9046 elementor-section-boxed elementor-section-height-default elementor-section-height-default\" data-id=\"c2b9046\" data-element_type=\"section\" data-e-type=\"section\">\n\t\t\t\t\t\t<div class=\"elementor-container elementor-column-gap-default\">\n\t\t\t\t\t<div class=\"elementor-column elementor-col-50 elementor-inner-column elementor-element elementor-element-84e4146\" data-id=\"84e4146\" data-element_type=\"column\" data-e-type=\"column\" data-settings=\"{&quot;background_background&quot;:&quot;classic&quot;}\">\n\t\t\t<div class=\"elementor-widget-wrap elementor-element-populated\">\n\t\t\t\t\t<div class=\"elementor-background-overlay\"><\/div>\n\t\t\t\t\t\t<div class=\"elementor-element elementor-element-b84cd3f elementor-view-default elementor-widget elementor-widget-icon\" data-id=\"b84cd3f\" data-element_type=\"widget\" data-e-type=\"widget\" data-widget_type=\"icon.default\">\n\t\t\t\t<div class=\"elementor-widget-container\">\n\t\t\t\t\t\t\t<div class=\"elementor-icon-wrapper\">\n\t\t\t<div class=\"elementor-icon\">\n\t\t\t<i aria-hidden=\"true\" class=\"fas fa-motorcycle\"><\/i>\t\t\t<\/div>\n\t\t<\/div>\n\t\t\t\t\t\t<\/div>\n\t\t\t\t<\/div>\n\t\t\t\t<div class=\"elementor-element elementor-element-0d1a166 elementor-widget elementor-widget-heading\" data-id=\"0d1a166\" data-element_type=\"widget\" data-e-type=\"widget\" data-widget_type=\"heading.default\">\n\t\t\t\t<div class=\"elementor-widget-container\">\n\t\t\t\t\t<h2 class=\"elementor-heading-title elementor-size-default\">kh\u1edfi \u0111\u1ed9ng<\/h2>\t\t\t\t<\/div>\n\t\t\t\t<\/div>\n\t\t\t\t<div class=\"elementor-element elementor-element-19147f5 elementor-widget elementor-widget-text-editor\" data-id=\"19147f5\" data-element_type=\"widget\" data-e-type=\"widget\" data-widget_type=\"text-editor.default\">\n\t\t\t\t<div class=\"elementor-widget-container\">\n\t\t\t\t\t\t\t\t\t<p>Kh\u00f3a h\u1ecdc n\u00e0y d\u00e0nh cho nh\u1eefng tay \u0111ua ch\u01b0a c\u00f3 kinh nghi\u1ec7m tr\u01b0\u1edbc \u0111\u00f3 v\u1ec1 m\u00f4 t\u00f4.<\/p>\t\t\t\t\t\t\t\t<\/div>\n\t\t\t\t<\/div>\n\t\t\t\t<div class=\"elementor-element elementor-element-da668d9 elementor-align-center elementor-widget elementor-widget-button\" data-id=\"da668d9\" data-element_type=\"widget\" data-e-type=\"widget\" data-widget_type=\"button.default\">\n\t\t\t\t<div class=\"elementor-widget-container\">\n\t\t\t\t\t\t\t\t\t<div class=\"elementor-button-wrapper\">\n\t\t\t\t\t<a class=\"elementor-button elementor-button-link elementor-size-md elementor-animation-float\" href=\"http:\/\/gowmst.com\/vi\/xe-may-washington-xe-may-huan-luyen-an-toan-giay-phep-chung-thuc-thu-nghiem-dol-phe-duyet\/xe-mo-to-khoi-dong-co-ban-lop-xe-may\/\">\n\t\t\t\t\t\t<span class=\"elementor-button-content-wrapper\">\n\t\t\t\t\t\t<span class=\"elementor-button-icon\">\n\t\t\t\t<i aria-hidden=\"true\" class=\"fas fa-arrow-right\"><\/i>\t\t\t<\/span>\n\t\t\t\t\t\t\t\t\t<span class=\"elementor-button-text\">\u0110\u0103ng k\u00fd \u1edf \u0111\u00e2y<\/span>\n\t\t\t\t\t<\/span>\n\t\t\t\t\t<\/a>\n\t\t\t\t<\/div>\n\t\t\t\t\t\t\t\t<\/div>\n\t\t\t\t<\/div>\n\t\t\t\t<div class=\"elementor-element elementor-element-ab391ed elementor-widget elementor-widget-spacer\" data-id=\"ab391ed\" data-element_type=\"widget\" data-e-type=\"widget\" data-widget_type=\"spacer.default\">\n\t\t\t\t<div class=\"elementor-widget-container\">\n\t\t\t\t\t\t\t<div class=\"elementor-spacer\">\n\t\t\t<div class=\"elementor-spacer-inner\"><\/div>\n\t\t<\/div>\n\t\t\t\t\t\t<\/div>\n\t\t\t\t<\/div>\n\t\t\t\t\t<\/div>\n\t\t<\/div>\n\t\t\t\t<div class=\"elementor-column elementor-col-50 elementor-inner-column elementor-element elementor-element-cdffd97\" data-id=\"cdffd97\" data-element_type=\"column\" data-e-type=\"column\" data-settings=\"{&quot;background_background&quot;:&quot;classic&quot;}\">\n\t\t\t<div class=\"elementor-widget-wrap elementor-element-populated\">\n\t\t\t\t\t<div class=\"elementor-background-overlay\"><\/div>\n\t\t\t\t\t\t<div class=\"elementor-element elementor-element-22720e8 elementor-view-default elementor-widget elementor-widget-icon\" data-id=\"22720e8\" data-element_type=\"widget\" data-e-type=\"widget\" data-widget_type=\"icon.default\">\n\t\t\t\t<div class=\"elementor-widget-container\">\n\t\t\t\t\t\t\t<div class=\"elementor-icon-wrapper\">\n\t\t\t<div class=\"elementor-icon\">\n\t\t\t<i aria-hidden=\"true\" class=\"fas fa-motorcycle\"><\/i>\t\t\t<\/div>\n\t\t<\/div>\n\t\t\t\t\t\t<\/div>\n\t\t\t\t<\/div>\n\t\t\t\t<div class=\"elementor-element elementor-element-b4cb66b elementor-widget elementor-widget-heading\" data-id=\"b4cb66b\" data-element_type=\"widget\" data-e-type=\"widget\" data-widget_type=\"heading.default\">\n\t\t\t\t<div class=\"elementor-widget-container\">\n\t\t\t\t\t<h2 class=\"elementor-heading-title elementor-size-default\">gi\u1ea5y ph\u00e9p m\u1edbi b\u1eaft \u0111\u1ea7u<\/h2>\t\t\t\t<\/div>\n\t\t\t\t<\/div>\n\t\t\t\t<div class=\"elementor-element elementor-element-ee3b60f elementor-widget elementor-widget-text-editor\" data-id=\"ee3b60f\" data-element_type=\"widget\" data-e-type=\"widget\" data-widget_type=\"text-editor.default\">\n\t\t\t\t<div class=\"elementor-widget-container\">\n\t\t\t\t\t\t\t\t\t<p>Kh\u00f3a h\u1ecdc c\u1ea5p gi\u1ea5y ph\u00e9p n\u00e0y cung c\u1ea5p ki\u1ebfn th\u1ee9c c\u01a1 b\u1ea3n v\u1ec1 k\u1ef9 n\u0103ng l\u00e1i xe m\u00f4 t\u00f4 v\u00e0 an to\u00e0n cho ng\u01b0\u1eddi l\u00e1i xe v\u1edbi t\u1ed1c \u0111\u1ed9 ph\u00f9 h\u1ee3p v\u1edbi nh\u1eefng ng\u01b0\u1eddi m\u1edbi l\u00e1i xe ho\u1eb7c nh\u1eefng ng\u01b0\u1eddi m\u1edbi t\u1eadp l\u00e1i xe m\u00f4 t\u00f4 tr\u1edf l\u1ea1i.<\/p>\t\t\t\t\t\t\t\t<\/div>\n\t\t\t\t<\/div>\n\t\t\t\t<div class=\"elementor-element elementor-element-ce76832 elementor-align-center elementor-widget elementor-widget-button\" data-id=\"ce76832\" data-element_type=\"widget\" data-e-type=\"widget\" data-widget_type=\"button.default\">\n\t\t\t\t<div class=\"elementor-widget-container\">\n\t\t\t\t\t\t\t\t\t<div class=\"elementor-button-wrapper\">\n\t\t\t\t\t<a class=\"elementor-button elementor-button-link elementor-size-md elementor-animation-float\" href=\"http:\/\/gowmst.com\/vi\/xe-may-washington-xe-may-huan-luyen-an-toan-giay-phep-chung-thuc-thu-nghiem-dol-phe-duyet\/khoa-hoc-du-dieu-kien-cho-nguoi-bat-dau-di-xe-mo-to\/\">\n\t\t\t\t\t\t<span class=\"elementor-button-content-wrapper\">\n\t\t\t\t\t\t<span class=\"elementor-button-icon\">\n\t\t\t\t<i aria-hidden=\"true\" class=\"fas fa-arrow-right\"><\/i>\t\t\t<\/span>\n\t\t\t\t\t\t\t\t\t<span class=\"elementor-button-text\">\u0110\u0103ng k\u00fd \u1edf \u0111\u00e2y<\/span>\n\t\t\t\t\t<\/span>\n\t\t\t\t\t<\/a>\n\t\t\t\t<\/div>\n\t\t\t\t\t\t\t\t<\/div>\n\t\t\t\t<\/div>\n\t\t\t\t<div class=\"elementor-element elementor-element-90f7bb6 elementor-widget elementor-widget-spacer\" data-id=\"90f7bb6\" data-element_type=\"widget\" data-e-type=\"widget\" data-widget_type=\"spacer.default\">\n\t\t\t\t<div class=\"elementor-widget-container\">\n\t\t\t\t\t\t\t<div class=\"elementor-spacer\">\n\t\t\t<div class=\"elementor-spacer-inner\"><\/div>\n\t\t<\/div>\n\t\t\t\t\t\t<\/div>\n\t\t\t\t<\/div>\n\t\t\t\t\t<\/div>\n\t\t<\/div>\n\t\t\t\t\t<\/div>\n\t\t<\/section>\n\t\t\t\t\t<\/div>\n\t\t<\/div>\n\t\t\t\t\t<\/div>\n\t\t<\/section>\n\t\t\t\t<\/div>","protected":false},"excerpt":{"rendered":"<p>Motorcycle Beginner Courses Washington Motorcycle Safety Training Motorcycle Safety Training Courses Choose The Right Motorcycle Course WMST offers a wide range of programs that will enable new, intermediate and experienced motorcycle riders to unlock their potential. KickStart This course is for riders that have no prior experience with motorcycles. Register Here Beginner Permit This permit [&hellip;]<\/p>\n","protected":false},"author":6,"featured_media":0,"parent":5434,"menu_order":0,"comment_status":"closed","ping_status":"closed","template":"elementor_header_footer","meta":{"_eb_attr":"","footnotes":""},"class_list":["post-9853","page","type-page","status-publish","hentry"],"yoast_head":"<!-- This site is optimized with the Yoast SEO plugin v27.4 - https:\/\/yoast.com\/product\/yoast-seo-wordpress\/ -->\n<title>Motorcycle | Beginner Courses - WMST<\/title>\n<meta name=\"robots\" content=\"index, follow, max-snippet:-1, max-image-preview:large, max-video-preview:-1\" \/>\n<link rel=\"canonical\" href=\"https:\/\/gowmst.com\/vi\/xe-may-washington-xe-may-huan-luyen-an-toan-giay-phep-chung-thuc-thu-nghiem-dol-phe-duyet\/xe-mo-to-khoa-hoc\/\" \/>\n<meta property=\"og:locale\" content=\"vi_VN\" \/>\n<meta property=\"og:type\" content=\"article\" \/>\n<meta property=\"og:title\" content=\"Motorcycle | Beginner Courses - WMST\" \/>\n<meta property=\"og:description\" content=\"Motorcycle Beginner Courses Washington Motorcycle Safety Training Motorcycle Safety Training Courses Choose The Right Motorcycle Course WMST offers a wide range of programs that will enable new, intermediate and experienced motorcycle riders to unlock their potential. KickStart This course is for riders that have no prior experience with motorcycles. Register Here Beginner Permit This permit [&hellip;]\" \/>\n<meta property=\"og:url\" content=\"https:\/\/gowmst.com\/vi\/xe-may-washington-xe-may-huan-luyen-an-toan-giay-phep-chung-thuc-thu-nghiem-dol-phe-duyet\/xe-mo-to-khoa-hoc\/\" \/>\n<meta property=\"og:site_name\" content=\"WMST\" \/>\n<meta property=\"article:modified_time\" content=\"2026-01-05T23:41:38+00:00\" \/>\n<meta name=\"twitter:card\" content=\"summary_large_image\" \/>\n<meta name=\"twitter:label1\" content=\"\u01af\u1edbc t\u00ednh th\u1eddi gian \u0111\u1ecdc\" \/>\n\t<meta name=\"twitter:data1\" content=\"1 minute\" \/>\n<!-- \/ Yoast SEO plugin. -->","yoast_head_json":{"title":"Motorcycle | Beginner Courses - WMST","robots":{"index":"index","follow":"follow","max-snippet":"max-snippet:-1","max-image-preview":"max-image-preview:large","max-video-preview":"max-video-preview:-1"},"canonical":"https:\/\/gowmst.com\/vi\/xe-may-washington-xe-may-huan-luyen-an-toan-giay-phep-chung-thuc-thu-nghiem-dol-phe-duyet\/xe-mo-to-khoa-hoc\/","og_locale":"vi_VN","og_type":"article","og_title":"Motorcycle | Beginner Courses - WMST","og_description":"Motorcycle Beginner Courses Washington Motorcycle Safety Training Motorcycle Safety Training Courses Choose The Right Motorcycle Course WMST offers a wide range of programs that will enable new, intermediate and experienced motorcycle riders to unlock their potential. KickStart This course is for riders that have no prior experience with motorcycles. Register Here Beginner Permit This permit [&hellip;]","og_url":"https:\/\/gowmst.com\/vi\/xe-may-washington-xe-may-huan-luyen-an-toan-giay-phep-chung-thuc-thu-nghiem-dol-phe-duyet\/xe-mo-to-khoa-hoc\/","og_site_name":"WMST","article_modified_time":"2026-01-05T23:41:38+00:00","twitter_card":"summary_large_image","twitter_misc":{"\u01af\u1edbc t\u00ednh th\u1eddi gian \u0111\u1ecdc":"1 minute"},"schema":{"@context":"https:\/\/schema.org","@graph":[{"@type":"WebPage","@id":"https:\/\/gowmst.com\/motorcycle-washington-motorcycle-safety-training-permit-endorsement-testing-dol-approved\/motorcycle-beginner-courses\/","url":"https:\/\/gowmst.com\/motorcycle-washington-motorcycle-safety-training-permit-endorsement-testing-dol-approved\/motorcycle-beginner-courses\/","name":"Motorcycle | Beginner Courses - WMST","isPartOf":{"@id":"https:\/\/gowmst.com\/es\/#website"},"datePublished":"2022-03-25T20:38:26+00:00","dateModified":"2026-01-05T23:41:38+00:00","breadcrumb":{"@id":"https:\/\/gowmst.com\/motorcycle-washington-motorcycle-safety-training-permit-endorsement-testing-dol-approved\/motorcycle-beginner-courses\/#breadcrumb"},"inLanguage":"vi","potentialAction":[{"@type":"ReadAction","target":["https:\/\/gowmst.com\/motorcycle-washington-motorcycle-safety-training-permit-endorsement-testing-dol-approved\/motorcycle-beginner-courses\/"]}]},{"@type":"BreadcrumbList","@id":"https:\/\/gowmst.com\/motorcycle-washington-motorcycle-safety-training-permit-endorsement-testing-dol-approved\/motorcycle-beginner-courses\/#breadcrumb","itemListElement":[{"@type":"ListItem","position":1,"name":"Home","item":"https:\/\/gowmst.com\/"},{"@type":"ListItem","position":2,"name":"Motorcycle | Washington Motorcycle Safety Training Permit Endorsement Testing DOL Approved","item":"https:\/\/gowmst.com\/motorcycle-washington-motorcycle-safety-training-permit-endorsement-testing-dol-approved\/"},{"@type":"ListItem","position":3,"name":"Motorcycle | Beginner Courses"}]},{"@type":"WebSite","@id":"https:\/\/gowmst.com\/es\/#website","url":"https:\/\/gowmst.com\/es\/","name":"WMST","description":"Drivers Education &amp; Motorcycle Safety Training","potentialAction":[{"@type":"SearchAction","target":{"@type":"EntryPoint","urlTemplate":"https:\/\/gowmst.com\/es\/?s={search_term_string}"},"query-input":{"@type":"PropertyValueSpecification","valueRequired":true,"valueName":"search_term_string"}}],"inLanguage":"vi"}]}},"_links":{"self":[{"href":"https:\/\/gowmst.com\/vi\/wp-json\/wp\/v2\/pages\/9853","targetHints":{"allow":["GET"]}}],"collection":[{"href":"https:\/\/gowmst.com\/vi\/wp-json\/wp\/v2\/pages"}],"about":[{"href":"https:\/\/gowmst.com\/vi\/wp-json\/wp\/v2\/types\/page"}],"author":[{"embeddable":true,"href":"https:\/\/gowmst.com\/vi\/wp-json\/wp\/v2\/users\/6"}],"replies":[{"embeddable":true,"href":"https:\/\/gowmst.com\/vi\/wp-json\/wp\/v2\/comments?post=9853"}],"version-history":[{"count":22,"href":"https:\/\/gowmst.com\/vi\/wp-json\/wp\/v2\/pages\/9853\/revisions"}],"predecessor-version":[{"id":18500,"href":"https:\/\/gowmst.com\/vi\/wp-json\/wp\/v2\/pages\/9853\/revisions\/18500"}],"up":[{"embeddable":true,"href":"https:\/\/gowmst.com\/vi\/wp-json\/wp\/v2\/pages\/5434"}],"wp:attachment":[{"href":"https:\/\/gowmst.com\/vi\/wp-json\/wp\/v2\/media?parent=9853"}],"curies":[{"name":"wp","href":"https:\/\/api.w.org\/{rel}","templated":true}]}}