{"id":9270,"date":"2022-03-16T21:35:44","date_gmt":"2022-03-16T21:35:44","guid":{"rendered":"http:\/\/pnw.venbit.net\/?page_id=9270"},"modified":"2026-03-30T23:58:20","modified_gmt":"2026-03-30T14:58:20","slug":"xe-may-cao-cap","status":"publish","type":"page","link":"https:\/\/gowmst.com\/vi\/motorcycle-washington-motorcycle-safety-training-permit-endorsement-testing-dol-approved\/motorcycle-advance-classes\/","title":{"rendered":"Motorcycle | Advance Classes"},"content":{"rendered":"<div data-elementor-type=\"wp-page\" data-elementor-id=\"9270\" class=\"elementor elementor-9270\" data-elementor-post-type=\"page\">\n\t\t\t\t\t\t<section class=\"elementor-section elementor-top-section elementor-element elementor-element-f804205 elementor-section-boxed elementor-section-height-default elementor-section-height-default\" data-id=\"f804205\" data-element_type=\"section\" data-e-type=\"section\" data-settings=\"{&quot;background_background&quot;:&quot;classic&quot;}\">\n\t\t\t\t\t\t\t<div class=\"elementor-background-overlay\"><\/div>\n\t\t\t\t\t\t\t<div class=\"elementor-container elementor-column-gap-default\">\n\t\t\t\t\t<div class=\"elementor-column elementor-col-100 elementor-top-column elementor-element elementor-element-89a3c3a\" data-id=\"89a3c3a\" data-element_type=\"column\" data-e-type=\"column\">\n\t\t\t<div class=\"elementor-widget-wrap elementor-element-populated\">\n\t\t\t\t\t\t<div class=\"elementor-element elementor-element-619a1c2 elementor-widget elementor-widget-heading\" data-id=\"619a1c2\" data-element_type=\"widget\" data-e-type=\"widget\" data-widget_type=\"heading.default\">\n\t\t\t\t<div class=\"elementor-widget-container\">\n\t\t\t\t\t<h1 class=\"elementor-heading-title elementor-size-default\">Kh\u00f3a h\u1ecdc n\u00e2ng cao v\u1ec1 m\u00f4 t\u00f4<\/h1>\t\t\t\t<\/div>\n\t\t\t\t<\/div>\n\t\t\t\t<div class=\"elementor-element elementor-element-49a69f4 elementor-widget elementor-widget-heading\" data-id=\"49a69f4\" data-element_type=\"widget\" data-e-type=\"widget\" data-widget_type=\"heading.default\">\n\t\t\t\t<div class=\"elementor-widget-container\">\n\t\t\t\t\t<h4 class=\"elementor-heading-title elementor-size-default\">Hu\u1ea5n luy\u1ec7n An to\u00e0n Xe m\u00e1y Washington<\/h4>\t\t\t\t<\/div>\n\t\t\t\t<\/div>\n\t\t\t\t\t<\/div>\n\t\t<\/div>\n\t\t\t\t\t<\/div>\n\t\t<\/section>\n\t\t\t\t<section class=\"elementor-section elementor-top-section elementor-element elementor-element-8228703 elementor-section-boxed elementor-section-height-default elementor-section-height-default\" data-id=\"8228703\" data-element_type=\"section\" data-e-type=\"section\" data-settings=\"{&quot;background_background&quot;:&quot;classic&quot;}\">\n\t\t\t\t\t\t\t<div class=\"elementor-background-overlay\"><\/div>\n\t\t\t\t\t\t\t<div class=\"elementor-container elementor-column-gap-default\">\n\t\t\t\t\t<div class=\"elementor-column elementor-col-100 elementor-top-column elementor-element elementor-element-204b953\" data-id=\"204b953\" data-element_type=\"column\" data-e-type=\"column\">\n\t\t\t<div class=\"elementor-widget-wrap elementor-element-populated\">\n\t\t\t\t\t\t<div class=\"elementor-element elementor-element-be0ee23 elementor-widget elementor-widget-heading\" data-id=\"be0ee23\" data-element_type=\"widget\" data-e-type=\"widget\" data-widget_type=\"heading.default\">\n\t\t\t\t<div class=\"elementor-widget-container\">\n\t\t\t\t\t<h5 class=\"elementor-heading-title elementor-size-default\">Kh\u00f3a \u0111\u00e0o t\u1ea1o an to\u00e0n xe m\u00e1y <\/h5>\t\t\t\t<\/div>\n\t\t\t\t<\/div>\n\t\t\t\t<div class=\"elementor-element elementor-element-6dae09e elementor-widget elementor-widget-heading\" data-id=\"6dae09e\" data-element_type=\"widget\" data-e-type=\"widget\" data-widget_type=\"heading.default\">\n\t\t\t\t<div class=\"elementor-widget-container\">\n\t\t\t\t\t<h2 class=\"elementor-heading-title elementor-size-default\">Ch\u1ecdn kh\u00f3a h\u1ecdc m\u00f4 t\u00f4 ph\u00f9 h\u1ee3p<\/h2>\t\t\t\t<\/div>\n\t\t\t\t<\/div>\n\t\t\t\t<div class=\"elementor-element elementor-element-37afa1c elementor-widget elementor-widget-text-editor\" data-id=\"37afa1c\" data-element_type=\"widget\" data-e-type=\"widget\" data-widget_type=\"text-editor.default\">\n\t\t\t\t<div class=\"elementor-widget-container\">\n\t\t\t\t\t\t\t\t\t<p>WMST cung c\u1ea5p m\u1ed9t lo\u1ea1t c\u00e1c ch\u01b0\u01a1ng tr\u00ecnh cho ph\u00e9p nh\u1eefng ng\u01b0\u1eddi l\u00e1i xe m\u00f4 t\u00f4 m\u1edbi, trung c\u1ea5p v\u00e0 c\u00f3 kinh nghi\u1ec7m ph\u00e1t huy ti\u1ec1m n\u0103ng c\u1ee7a h\u1ecd.<\/p>\t\t\t\t\t\t\t\t<\/div>\n\t\t\t\t<\/div>\n\t\t\t\t\t<\/div>\n\t\t<\/div>\n\t\t\t\t\t<\/div>\n\t\t<\/section>\n\t\t\t\t<section class=\"elementor-section elementor-top-section elementor-element elementor-element-6e300cd4 elementor-section-content-middle elementor-section-boxed elementor-section-height-default elementor-section-height-default\" data-id=\"6e300cd4\" data-element_type=\"section\" data-e-type=\"section\" data-settings=\"{&quot;background_background&quot;:&quot;classic&quot;}\">\n\t\t\t\t\t\t\t<div class=\"elementor-background-overlay\"><\/div>\n\t\t\t\t\t\t\t<div class=\"elementor-container elementor-column-gap-no\">\n\t\t\t\t\t<div class=\"elementor-column elementor-col-100 elementor-top-column elementor-element elementor-element-46f326e7\" data-id=\"46f326e7\" data-element_type=\"column\" data-e-type=\"column\">\n\t\t\t<div class=\"elementor-widget-wrap elementor-element-populated\">\n\t\t\t\t\t\t<section class=\"elementor-section elementor-inner-section elementor-element elementor-element-96a9ab9 elementor-section-boxed elementor-section-height-default elementor-section-height-default\" data-id=\"96a9ab9\" data-element_type=\"section\" data-e-type=\"section\">\n\t\t\t\t\t\t<div class=\"elementor-container elementor-column-gap-default\">\n\t\t\t\t\t<div class=\"elementor-column elementor-col-50 elementor-inner-column elementor-element elementor-element-b449a5c\" data-id=\"b449a5c\" data-element_type=\"column\" data-e-type=\"column\" data-settings=\"{&quot;background_background&quot;:&quot;classic&quot;}\">\n\t\t\t<div class=\"elementor-widget-wrap elementor-element-populated\">\n\t\t\t\t\t<div class=\"elementor-background-overlay\"><\/div>\n\t\t\t\t\t\t<div class=\"elementor-element elementor-element-13526c2 elementor-view-default elementor-widget elementor-widget-icon\" data-id=\"13526c2\" data-element_type=\"widget\" data-e-type=\"widget\" data-widget_type=\"icon.default\">\n\t\t\t\t<div class=\"elementor-widget-container\">\n\t\t\t\t\t\t\t<div class=\"elementor-icon-wrapper\">\n\t\t\t<div class=\"elementor-icon\">\n\t\t\t<i aria-hidden=\"true\" class=\"fas fa-motorcycle\"><\/i>\t\t\t<\/div>\n\t\t<\/div>\n\t\t\t\t\t\t<\/div>\n\t\t\t\t<\/div>\n\t\t\t\t<div class=\"elementor-element elementor-element-42256fc elementor-widget elementor-widget-heading\" data-id=\"42256fc\" data-element_type=\"widget\" data-e-type=\"widget\" data-widget_type=\"heading.default\">\n\t\t\t\t<div class=\"elementor-widget-container\">\n\t\t\t\t\t<h2 class=\"elementor-heading-title elementor-size-default\">Advanced Motorcycle Courses<\/h2>\t\t\t\t<\/div>\n\t\t\t\t<\/div>\n\t\t\t\t<div class=\"elementor-element elementor-element-b2a351c elementor-widget elementor-widget-text-editor\" data-id=\"b2a351c\" data-element_type=\"widget\" data-e-type=\"widget\" data-widget_type=\"text-editor.default\">\n\t\t\t\t<div class=\"elementor-widget-container\">\n\t\t\t\t\t\t\t\t\t<p>Nh\u1eefng tay \u0111ua c\u00f3 kinh nghi\u1ec7m v\u1edbi gi\u1ea5y ph\u00e9p ho\u1eb7c ch\u1ee9ng th\u1ef1c s\u1eb5n s\u00e0ng l\u00e0m vi\u1ec7c v\u1edbi nh\u1eadn th\u1ee9c cao h\u01a1n \u0111\u1ec3 ph\u00e1t hi\u1ec7n v\u00e0 tr\u00e1nh c\u00e1c m\u1ed1i nguy hi\u1ec3m ph\u1ed5 bi\u1ebfn.<\/p>\t\t\t\t\t\t\t\t<\/div>\n\t\t\t\t<\/div>\n\t\t\t\t<div class=\"elementor-element elementor-element-01213be elementor-align-center elementor-widget elementor-widget-button\" data-id=\"01213be\" data-element_type=\"widget\" data-e-type=\"widget\" data-widget_type=\"button.default\">\n\t\t\t\t<div class=\"elementor-widget-container\">\n\t\t\t\t\t\t\t\t\t<div class=\"elementor-button-wrapper\">\n\t\t\t\t\t<a class=\"elementor-button elementor-button-link elementor-size-md elementor-animation-float\" href=\"http:\/\/gowmst.com\/vi\/xe-may-washington-xe-may-huan-luyen-an-toan-giay-phep-chung-thuc-thu-nghiem-dol-phe-duyet\/xe-to-duong-ky-nang-dao-tao-an-toan-xe-mo-to\/\">\n\t\t\t\t\t\t<span class=\"elementor-button-content-wrapper\">\n\t\t\t\t\t\t<span class=\"elementor-button-icon\">\n\t\t\t\t<i aria-hidden=\"true\" class=\"fas fa-arrow-right\"><\/i>\t\t\t<\/span>\n\t\t\t\t\t\t\t\t\t<span class=\"elementor-button-text\">\u0110\u0103ng k\u00fd \u1edf \u0111\u00e2y<\/span>\n\t\t\t\t\t<\/span>\n\t\t\t\t\t<\/a>\n\t\t\t\t<\/div>\n\t\t\t\t\t\t\t\t<\/div>\n\t\t\t\t<\/div>\n\t\t\t\t<div class=\"elementor-element elementor-element-c8b4aaf elementor-widget elementor-widget-spacer\" data-id=\"c8b4aaf\" data-element_type=\"widget\" data-e-type=\"widget\" data-widget_type=\"spacer.default\">\n\t\t\t\t<div class=\"elementor-widget-container\">\n\t\t\t\t\t\t\t<div class=\"elementor-spacer\">\n\t\t\t<div class=\"elementor-spacer-inner\"><\/div>\n\t\t<\/div>\n\t\t\t\t\t\t<\/div>\n\t\t\t\t<\/div>\n\t\t\t\t\t<\/div>\n\t\t<\/div>\n\t\t\t\t<div class=\"elementor-column elementor-col-50 elementor-inner-column elementor-element elementor-element-a6be4c4\" data-id=\"a6be4c4\" data-element_type=\"column\" data-e-type=\"column\" data-settings=\"{&quot;background_background&quot;:&quot;classic&quot;}\">\n\t\t\t<div class=\"elementor-widget-wrap elementor-element-populated\">\n\t\t\t\t\t<div class=\"elementor-background-overlay\"><\/div>\n\t\t\t\t\t\t<div class=\"elementor-element elementor-element-f5262ed elementor-widget elementor-widget-image\" data-id=\"f5262ed\" data-element_type=\"widget\" data-e-type=\"widget\" data-widget_type=\"image.default\">\n\t\t\t\t<div class=\"elementor-widget-container\">\n\t\t\t\t\t\t\t\t\t\t\t\t\t\t\t<img fetchpriority=\"high\" decoding=\"async\" width=\"720\" height=\"478\" src=\"https:\/\/gowmst.com\/wp-content\/uploads\/2026\/03\/IMG_0117.jpg\" class=\"attachment-large size-large wp-image-18692\" alt=\"\" srcset=\"https:\/\/gowmst.com\/wp-content\/uploads\/2026\/03\/IMG_0117.jpg 720w, https:\/\/gowmst.com\/wp-content\/uploads\/2026\/03\/IMG_0117-300x199.jpg 300w, https:\/\/gowmst.com\/wp-content\/uploads\/2026\/03\/IMG_0117-18x12.jpg 18w\" sizes=\"(max-width: 720px) 100vw, 720px\" \/>\t\t\t\t\t\t\t\t\t\t\t\t\t\t\t<\/div>\n\t\t\t\t<\/div>\n\t\t\t\t\t<\/div>\n\t\t<\/div>\n\t\t\t\t\t<\/div>\n\t\t<\/section>\n\t\t\t\t<div class=\"elementor-element elementor-element-151759bf elementor-widget elementor-widget-heading\" data-id=\"151759bf\" data-element_type=\"widget\" data-e-type=\"widget\" data-widget_type=\"heading.default\">\n\t\t\t\t<div class=\"elementor-widget-container\">\n\t\t\t\t\t<h4 class=\"elementor-heading-title elementor-size-default\">\u0110\u00e0o t\u1ea1o xe m\u00e1y <\/h4>\t\t\t\t<\/div>\n\t\t\t\t<\/div>\n\t\t\t\t<div class=\"elementor-element elementor-element-697a1027 elementor-widget elementor-widget-text-editor\" data-id=\"697a1027\" data-element_type=\"widget\" data-e-type=\"widget\" data-widget_type=\"text-editor.default\">\n\t\t\t\t<div class=\"elementor-widget-container\">\n\t\t\t\t\t\t\t\t\t<p style=\"text-align: center;\">L\u00e1i m\u00f4 t\u00f4 l\u00e0 m\u1ed9t k\u1ef9 n\u0103ng \u0111ang gi\u1ea3m d\u1ea7n v\u00e0 n\u1ebfu kh\u00f4ng c\u1ea3i thi\u1ec7n v\u1edbi t\u01b0 c\u00e1ch l\u00e0 m\u1ed9t tay \u0111ua, b\u1ea1n s\u1ebd thua v\u1edbi t\u01b0 c\u00e1ch l\u00e0 m\u1ed9t tay \u0111ua.\u00a0<\/p>\t\t\t\t\t\t\t\t<\/div>\n\t\t\t\t<\/div>\n\t\t\t\t\t<\/div>\n\t\t<\/div>\n\t\t\t\t\t<\/div>\n\t\t<\/section>\n\t\t\t\t<\/div>","protected":false},"excerpt":{"rendered":"<p>Motorcycle Advanced Courses Washington Motorcycle Safety Training Motorcycle Safety Training Courses Choose The Right Motorcycle Course WMST offers a wide range of programs that will enable new, intermediate and experienced motorcycle riders to unlock their potential. Advanced Motorcycle Courses Experienced riders with a permit or endorsement ready to work on greater awareness to spot &amp; [&hellip;]<\/p>\n","protected":false},"author":6,"featured_media":0,"parent":5434,"menu_order":0,"comment_status":"closed","ping_status":"closed","template":"elementor_header_footer","meta":{"_eb_attr":"","footnotes":""},"class_list":["post-9270","page","type-page","status-publish","hentry"],"yoast_head":"<!-- This site is optimized with the Yoast SEO plugin v27.4 - https:\/\/yoast.com\/product\/yoast-seo-wordpress\/ -->\n<title>Motorcycle | Advance Classes - WMST<\/title>\n<meta name=\"robots\" content=\"index, follow, max-snippet:-1, max-image-preview:large, max-video-preview:-1\" \/>\n<link rel=\"canonical\" href=\"https:\/\/gowmst.com\/vi\/xe-may-washington-xe-may-huan-luyen-an-toan-giay-phep-chung-thuc-thu-nghiem-dol-phe-duyet\/xe-may-cao-cap\/\" \/>\n<meta property=\"og:locale\" content=\"vi_VN\" \/>\n<meta property=\"og:type\" content=\"article\" \/>\n<meta property=\"og:title\" content=\"Motorcycle | Advance Classes - WMST\" \/>\n<meta property=\"og:description\" content=\"Motorcycle Advanced Courses Washington Motorcycle Safety Training Motorcycle Safety Training Courses Choose The Right Motorcycle Course WMST offers a wide range of programs that will enable new, intermediate and experienced motorcycle riders to unlock their potential. Advanced Motorcycle Courses Experienced riders with a permit or endorsement ready to work on greater awareness to spot &amp; [&hellip;]\" \/>\n<meta property=\"og:url\" content=\"https:\/\/gowmst.com\/vi\/xe-may-washington-xe-may-huan-luyen-an-toan-giay-phep-chung-thuc-thu-nghiem-dol-phe-duyet\/xe-may-cao-cap\/\" \/>\n<meta property=\"og:site_name\" content=\"WMST\" \/>\n<meta property=\"article:modified_time\" content=\"2026-03-30T14:58:20+00:00\" \/>\n<meta property=\"og:image\" content=\"http:\/\/gowmst.com\/wp-content\/uploads\/2026\/03\/IMG_0117.jpg\" \/>\n<meta name=\"twitter:card\" content=\"summary_large_image\" \/>\n<meta name=\"twitter:label1\" content=\"\u01af\u1edbc t\u00ednh th\u1eddi gian \u0111\u1ecdc\" \/>\n\t<meta name=\"twitter:data1\" content=\"1 minute\" \/>\n<!-- \/ Yoast SEO plugin. -->","yoast_head_json":{"title":"Motorcycle | Advance Classes - WMST","robots":{"index":"index","follow":"follow","max-snippet":"max-snippet:-1","max-image-preview":"max-image-preview:large","max-video-preview":"max-video-preview:-1"},"canonical":"https:\/\/gowmst.com\/vi\/xe-may-washington-xe-may-huan-luyen-an-toan-giay-phep-chung-thuc-thu-nghiem-dol-phe-duyet\/xe-may-cao-cap\/","og_locale":"vi_VN","og_type":"article","og_title":"Motorcycle | Advance Classes - WMST","og_description":"Motorcycle Advanced Courses Washington Motorcycle Safety Training Motorcycle Safety Training Courses Choose The Right Motorcycle Course WMST offers a wide range of programs that will enable new, intermediate and experienced motorcycle riders to unlock their potential. Advanced Motorcycle Courses Experienced riders with a permit or endorsement ready to work on greater awareness to spot &amp; [&hellip;]","og_url":"https:\/\/gowmst.com\/vi\/xe-may-washington-xe-may-huan-luyen-an-toan-giay-phep-chung-thuc-thu-nghiem-dol-phe-duyet\/xe-may-cao-cap\/","og_site_name":"WMST","article_modified_time":"2026-03-30T14:58:20+00:00","og_image":[{"url":"http:\/\/gowmst.com\/wp-content\/uploads\/2026\/03\/IMG_0117.jpg","type":"","width":"","height":""}],"twitter_card":"summary_large_image","twitter_misc":{"\u01af\u1edbc t\u00ednh th\u1eddi gian \u0111\u1ecdc":"1 minute"},"schema":{"@context":"https:\/\/schema.org","@graph":[{"@type":"WebPage","@id":"https:\/\/gowmst.com\/ja\/%e3%82%aa%e3%83%bc%e3%83%88%e3%83%90%e3%82%a4-%e3%83%af%e3%82%b7%e3%83%b3%e3%83%88%e3%83%b3-%e3%82%aa%e3%83%bc%e3%83%88%e3%83%90%e3%82%a4-%e5%ae%89%e5%85%a8-%e3%83%88%e3%83%ac%e3%83%bc%e3%83%8b\/%e3%82%aa%e3%83%bc%e3%83%88%e3%83%90%e3%82%a4%e3%81%ae%e4%b8%8a%e7%b4%9a%e3%82%af%e3%83%a9%e3%82%b9\/","url":"https:\/\/gowmst.com\/ja\/%e3%82%aa%e3%83%bc%e3%83%88%e3%83%90%e3%82%a4-%e3%83%af%e3%82%b7%e3%83%b3%e3%83%88%e3%83%b3-%e3%82%aa%e3%83%bc%e3%83%88%e3%83%90%e3%82%a4-%e5%ae%89%e5%85%a8-%e3%83%88%e3%83%ac%e3%83%bc%e3%83%8b\/%e3%82%aa%e3%83%bc%e3%83%88%e3%83%90%e3%82%a4%e3%81%ae%e4%b8%8a%e7%b4%9a%e3%82%af%e3%83%a9%e3%82%b9\/","name":"Motorcycle | Advance Classes - WMST","isPartOf":{"@id":"https:\/\/gowmst.com\/es\/#website"},"primaryImageOfPage":{"@id":"https:\/\/gowmst.com\/ja\/%e3%82%aa%e3%83%bc%e3%83%88%e3%83%90%e3%82%a4-%e3%83%af%e3%82%b7%e3%83%b3%e3%83%88%e3%83%b3-%e3%82%aa%e3%83%bc%e3%83%88%e3%83%90%e3%82%a4-%e5%ae%89%e5%85%a8-%e3%83%88%e3%83%ac%e3%83%bc%e3%83%8b\/%e3%82%aa%e3%83%bc%e3%83%88%e3%83%90%e3%82%a4%e3%81%ae%e4%b8%8a%e7%b4%9a%e3%82%af%e3%83%a9%e3%82%b9\/#primaryimage"},"image":{"@id":"https:\/\/gowmst.com\/ja\/%e3%82%aa%e3%83%bc%e3%83%88%e3%83%90%e3%82%a4-%e3%83%af%e3%82%b7%e3%83%b3%e3%83%88%e3%83%b3-%e3%82%aa%e3%83%bc%e3%83%88%e3%83%90%e3%82%a4-%e5%ae%89%e5%85%a8-%e3%83%88%e3%83%ac%e3%83%bc%e3%83%8b\/%e3%82%aa%e3%83%bc%e3%83%88%e3%83%90%e3%82%a4%e3%81%ae%e4%b8%8a%e7%b4%9a%e3%82%af%e3%83%a9%e3%82%b9\/#primaryimage"},"thumbnailUrl":"http:\/\/gowmst.com\/wp-content\/uploads\/2026\/03\/IMG_0117.jpg","datePublished":"2022-03-16T21:35:44+00:00","dateModified":"2026-03-30T14:58:20+00:00","breadcrumb":{"@id":"https:\/\/gowmst.com\/ja\/%e3%82%aa%e3%83%bc%e3%83%88%e3%83%90%e3%82%a4-%e3%83%af%e3%82%b7%e3%83%b3%e3%83%88%e3%83%b3-%e3%82%aa%e3%83%bc%e3%83%88%e3%83%90%e3%82%a4-%e5%ae%89%e5%85%a8-%e3%83%88%e3%83%ac%e3%83%bc%e3%83%8b\/%e3%82%aa%e3%83%bc%e3%83%88%e3%83%90%e3%82%a4%e3%81%ae%e4%b8%8a%e7%b4%9a%e3%82%af%e3%83%a9%e3%82%b9\/#breadcrumb"},"inLanguage":"vi","potentialAction":[{"@type":"ReadAction","target":["https:\/\/gowmst.com\/ja\/%e3%82%aa%e3%83%bc%e3%83%88%e3%83%90%e3%82%a4-%e3%83%af%e3%82%b7%e3%83%b3%e3%83%88%e3%83%b3-%e3%82%aa%e3%83%bc%e3%83%88%e3%83%90%e3%82%a4-%e5%ae%89%e5%85%a8-%e3%83%88%e3%83%ac%e3%83%bc%e3%83%8b\/%e3%82%aa%e3%83%bc%e3%83%88%e3%83%90%e3%82%a4%e3%81%ae%e4%b8%8a%e7%b4%9a%e3%82%af%e3%83%a9%e3%82%b9\/"]}]},{"@type":"ImageObject","inLanguage":"vi","@id":"https:\/\/gowmst.com\/ja\/%e3%82%aa%e3%83%bc%e3%83%88%e3%83%90%e3%82%a4-%e3%83%af%e3%82%b7%e3%83%b3%e3%83%88%e3%83%b3-%e3%82%aa%e3%83%bc%e3%83%88%e3%83%90%e3%82%a4-%e5%ae%89%e5%85%a8-%e3%83%88%e3%83%ac%e3%83%bc%e3%83%8b\/%e3%82%aa%e3%83%bc%e3%83%88%e3%83%90%e3%82%a4%e3%81%ae%e4%b8%8a%e7%b4%9a%e3%82%af%e3%83%a9%e3%82%b9\/#primaryimage","url":"http:\/\/gowmst.com\/wp-content\/uploads\/2026\/03\/IMG_0117.jpg","contentUrl":"http:\/\/gowmst.com\/wp-content\/uploads\/2026\/03\/IMG_0117.jpg"},{"@type":"BreadcrumbList","@id":"https:\/\/gowmst.com\/ja\/%e3%82%aa%e3%83%bc%e3%83%88%e3%83%90%e3%82%a4-%e3%83%af%e3%82%b7%e3%83%b3%e3%83%88%e3%83%b3-%e3%82%aa%e3%83%bc%e3%83%88%e3%83%90%e3%82%a4-%e5%ae%89%e5%85%a8-%e3%83%88%e3%83%ac%e3%83%bc%e3%83%8b\/%e3%82%aa%e3%83%bc%e3%83%88%e3%83%90%e3%82%a4%e3%81%ae%e4%b8%8a%e7%b4%9a%e3%82%af%e3%83%a9%e3%82%b9\/#breadcrumb","itemListElement":[{"@type":"ListItem","position":1,"name":"Home","item":"https:\/\/gowmst.com\/"},{"@type":"ListItem","position":2,"name":"Motorcycle | Washington Motorcycle Safety Training Permit Endorsement Testing DOL Approved","item":"https:\/\/gowmst.com\/motorcycle-washington-motorcycle-safety-training-permit-endorsement-testing-dol-approved\/"},{"@type":"ListItem","position":3,"name":"Motorcycle | Advance Classes"}]},{"@type":"WebSite","@id":"https:\/\/gowmst.com\/es\/#website","url":"https:\/\/gowmst.com\/es\/","name":"WMST","description":"Drivers Education &amp; Motorcycle Safety Training","potentialAction":[{"@type":"SearchAction","target":{"@type":"EntryPoint","urlTemplate":"https:\/\/gowmst.com\/es\/?s={search_term_string}"},"query-input":{"@type":"PropertyValueSpecification","valueRequired":true,"valueName":"search_term_string"}}],"inLanguage":"vi"}]}},"_links":{"self":[{"href":"https:\/\/gowmst.com\/vi\/wp-json\/wp\/v2\/pages\/9270","targetHints":{"allow":["GET"]}}],"collection":[{"href":"https:\/\/gowmst.com\/vi\/wp-json\/wp\/v2\/pages"}],"about":[{"href":"https:\/\/gowmst.com\/vi\/wp-json\/wp\/v2\/types\/page"}],"author":[{"embeddable":true,"href":"https:\/\/gowmst.com\/vi\/wp-json\/wp\/v2\/users\/6"}],"replies":[{"embeddable":true,"href":"https:\/\/gowmst.com\/vi\/wp-json\/wp\/v2\/comments?post=9270"}],"version-history":[{"count":32,"href":"https:\/\/gowmst.com\/vi\/wp-json\/wp\/v2\/pages\/9270\/revisions"}],"predecessor-version":[{"id":18699,"href":"https:\/\/gowmst.com\/vi\/wp-json\/wp\/v2\/pages\/9270\/revisions\/18699"}],"up":[{"embeddable":true,"href":"https:\/\/gowmst.com\/vi\/wp-json\/wp\/v2\/pages\/5434"}],"wp:attachment":[{"href":"https:\/\/gowmst.com\/vi\/wp-json\/wp\/v2\/media?parent=9270"}],"curies":[{"name":"wp","href":"https:\/\/api.w.org\/{rel}","templated":true}]}}