{"id":14297,"date":"2023-09-01T09:50:47","date_gmt":"2023-09-01T00:50:47","guid":{"rendered":"http:\/\/pnw.venbit.net\/?page_id=14297"},"modified":"2025-05-16T06:22:36","modified_gmt":"2025-05-15T21:22:36","slug":"xe-may-silverdale-apex-airpark-lop-hoc-dia-diem-2","status":"publish","type":"page","link":"https:\/\/gowmst.com\/vi\/motorcycle-washington-motorcycle-safety-training-permit-endorsement-testing-dol-approved\/motorcycle-courses-testing\/","title":{"rendered":"Motorcycle | Courses &#038; Testing"},"content":{"rendered":"<div data-elementor-type=\"wp-page\" data-elementor-id=\"14297\" class=\"elementor elementor-14297\" data-elementor-post-type=\"page\">\n\t\t\t\t\t\t<section class=\"elementor-section elementor-top-section elementor-element elementor-element-298d5c3 elementor-section-boxed elementor-section-height-default elementor-section-height-default\" data-id=\"298d5c3\" data-element_type=\"section\" data-e-type=\"section\" data-settings=\"{&quot;background_background&quot;:&quot;classic&quot;}\">\n\t\t\t\t\t\t\t<div class=\"elementor-background-overlay\"><\/div>\n\t\t\t\t\t\t\t<div class=\"elementor-container elementor-column-gap-default\">\n\t\t\t\t\t<div class=\"elementor-column elementor-col-100 elementor-top-column elementor-element elementor-element-c9caf05\" data-id=\"c9caf05\" data-element_type=\"column\" data-e-type=\"column\">\n\t\t\t<div class=\"elementor-widget-wrap elementor-element-populated\">\n\t\t\t\t\t\t<div class=\"elementor-element elementor-element-af4f65b elementor-widget elementor-widget-heading\" data-id=\"af4f65b\" data-element_type=\"widget\" data-e-type=\"widget\" data-widget_type=\"heading.default\">\n\t\t\t\t<div class=\"elementor-widget-container\">\n\t\t\t\t\t<h2 class=\"elementor-heading-title elementor-size-default\">Welcome Motorcycle Riders!<\/h2>\t\t\t\t<\/div>\n\t\t\t\t<\/div>\n\t\t\t\t<div class=\"elementor-element elementor-element-f6c9737 elementor-widget elementor-widget-text-editor\" data-id=\"f6c9737\" data-element_type=\"widget\" data-e-type=\"widget\" data-widget_type=\"text-editor.default\">\n\t\t\t\t<div class=\"elementor-widget-container\">\n\t\t\t\t\t\t\t\t\t<p>Select below to learn more about our motorcycle courses and DOL approved testing<\/p>\t\t\t\t\t\t\t\t<\/div>\n\t\t\t\t<\/div>\n\t\t\t\t<section class=\"elementor-section elementor-inner-section elementor-element elementor-element-b58ebd1 elementor-section-boxed elementor-section-height-default elementor-section-height-default\" data-id=\"b58ebd1\" data-element_type=\"section\" data-e-type=\"section\">\n\t\t\t\t\t\t<div class=\"elementor-container elementor-column-gap-default\">\n\t\t\t\t\t<div class=\"elementor-column elementor-col-50 elementor-inner-column elementor-element elementor-element-f42eadd\" data-id=\"f42eadd\" data-element_type=\"column\" data-e-type=\"column\" data-settings=\"{&quot;background_background&quot;:&quot;classic&quot;}\">\n\t\t\t<div class=\"elementor-widget-wrap elementor-element-populated\">\n\t\t\t\t\t<div class=\"elementor-background-overlay\"><\/div>\n\t\t\t\t\t\t<div class=\"elementor-element elementor-element-5d22d6a elementor-widget elementor-widget-spacer\" data-id=\"5d22d6a\" data-element_type=\"widget\" data-e-type=\"widget\" data-widget_type=\"spacer.default\">\n\t\t\t\t<div class=\"elementor-widget-container\">\n\t\t\t\t\t\t\t<div class=\"elementor-spacer\">\n\t\t\t<div class=\"elementor-spacer-inner\"><\/div>\n\t\t<\/div>\n\t\t\t\t\t\t<\/div>\n\t\t\t\t<\/div>\n\t\t\t\t<div class=\"elementor-element elementor-element-1098a67 elementor-widget elementor-widget-heading\" data-id=\"1098a67\" data-element_type=\"widget\" data-e-type=\"widget\" data-widget_type=\"heading.default\">\n\t\t\t\t<div class=\"elementor-widget-container\">\n\t\t\t\t\t<h2 class=\"elementor-heading-title elementor-size-default\"><a href=\"http:\/\/gowmst.com\/vi\/xe-may-washington-xe-may-huan-luyen-an-toan-giay-phep-chung-thuc-thu-nghiem-dol-phe-duyet\/xe-may-an-toan-truoc-giay-phep-chung-thuc-lop-hoc-cho-nguoi-moi-bat-dau\/\">B\u00e1nh xe 2 &amp; 3 <br>Kh\u00f3a h\u1ecdc xe m\u00e1y<\/a><\/h2>\t\t\t\t<\/div>\n\t\t\t\t<\/div>\n\t\t\t\t<div class=\"elementor-element elementor-element-33ddfa9 elementor-align-center elementor-widget elementor-widget-button\" data-id=\"33ddfa9\" data-element_type=\"widget\" data-e-type=\"widget\" data-widget_type=\"button.default\">\n\t\t\t\t<div class=\"elementor-widget-container\">\n\t\t\t\t\t\t\t\t\t<div class=\"elementor-button-wrapper\">\n\t\t\t\t\t<a class=\"elementor-button elementor-button-link elementor-size-md elementor-animation-float\" href=\"http:\/\/gowmst.com\/vi\/xe-may-washington-xe-may-huan-luyen-an-toan-giay-phep-chung-thuc-thu-nghiem-dol-phe-duyet\/xe-may-an-toan-truoc-giay-phep-chung-thuc-lop-hoc-cho-nguoi-moi-bat-dau\/\">\n\t\t\t\t\t\t<span class=\"elementor-button-content-wrapper\">\n\t\t\t\t\t\t<span class=\"elementor-button-icon\">\n\t\t\t\t<i aria-hidden=\"true\" class=\"fas fa-arrow-right\"><\/i>\t\t\t<\/span>\n\t\t\t\t\t\t\t\t\t<span class=\"elementor-button-text\">\u0110\u0103ng k\u00fd \u1edf \u0111\u00e2y<\/span>\n\t\t\t\t\t<\/span>\n\t\t\t\t\t<\/a>\n\t\t\t\t<\/div>\n\t\t\t\t\t\t\t\t<\/div>\n\t\t\t\t<\/div>\n\t\t\t\t<div class=\"elementor-element elementor-element-4231741 elementor-widget elementor-widget-spacer\" data-id=\"4231741\" data-element_type=\"widget\" data-e-type=\"widget\" data-widget_type=\"spacer.default\">\n\t\t\t\t<div class=\"elementor-widget-container\">\n\t\t\t\t\t\t\t<div class=\"elementor-spacer\">\n\t\t\t<div class=\"elementor-spacer-inner\"><\/div>\n\t\t<\/div>\n\t\t\t\t\t\t<\/div>\n\t\t\t\t<\/div>\n\t\t\t\t\t<\/div>\n\t\t<\/div>\n\t\t\t\t<div class=\"elementor-column elementor-col-50 elementor-inner-column elementor-element elementor-element-25a0d31\" data-id=\"25a0d31\" data-element_type=\"column\" data-e-type=\"column\" data-settings=\"{&quot;background_background&quot;:&quot;classic&quot;}\">\n\t\t\t<div class=\"elementor-widget-wrap elementor-element-populated\">\n\t\t\t\t\t<div class=\"elementor-background-overlay\"><\/div>\n\t\t\t\t\t\t<div class=\"elementor-element elementor-element-2b59df9 elementor-widget elementor-widget-spacer\" data-id=\"2b59df9\" data-element_type=\"widget\" data-e-type=\"widget\" data-widget_type=\"spacer.default\">\n\t\t\t\t<div class=\"elementor-widget-container\">\n\t\t\t\t\t\t\t<div class=\"elementor-spacer\">\n\t\t\t<div class=\"elementor-spacer-inner\"><\/div>\n\t\t<\/div>\n\t\t\t\t\t\t<\/div>\n\t\t\t\t<\/div>\n\t\t\t\t<div class=\"elementor-element elementor-element-cd9ae74 elementor-widget elementor-widget-heading\" data-id=\"cd9ae74\" data-element_type=\"widget\" data-e-type=\"widget\" data-widget_type=\"heading.default\">\n\t\t\t\t<div class=\"elementor-widget-container\">\n\t\t\t\t\t<h2 class=\"elementor-heading-title elementor-size-default\"><a href=\"http:\/\/gowmst.com\/vi\/xe-may-washington-xe-may-huan-luyen-an-toan-giay-phep-chung-thuc-thu-nghiem-dol-phe-duyet\/xe-may-giay-phep-chung-thuc-thu-nghiem-dol-phe-duyet\/\">Gi\u1ea5y ph\u00e9p &amp; Ch\u1ee9ng th\u1ef1c<br> Ki\u1ec3m tra ki\u1ebfn th\u1ee9c &amp; k\u1ef9 n\u0103ng<\/a><\/h2>\t\t\t\t<\/div>\n\t\t\t\t<\/div>\n\t\t\t\t<div class=\"elementor-element elementor-element-9d27739 elementor-align-center elementor-widget elementor-widget-button\" data-id=\"9d27739\" data-element_type=\"widget\" data-e-type=\"widget\" data-widget_type=\"button.default\">\n\t\t\t\t<div class=\"elementor-widget-container\">\n\t\t\t\t\t\t\t\t\t<div class=\"elementor-button-wrapper\">\n\t\t\t\t\t<a class=\"elementor-button elementor-button-link elementor-size-md elementor-animation-float\" href=\"http:\/\/gowmst.com\/vi\/xe-may-washington-xe-may-huan-luyen-an-toan-giay-phep-chung-thuc-thu-nghiem-dol-phe-duyet\/xe-may-giay-phep-chung-thuc-thu-nghiem-dol-phe-duyet\/\">\n\t\t\t\t\t\t<span class=\"elementor-button-content-wrapper\">\n\t\t\t\t\t\t<span class=\"elementor-button-icon\">\n\t\t\t\t<i aria-hidden=\"true\" class=\"fas fa-arrow-right\"><\/i>\t\t\t<\/span>\n\t\t\t\t\t\t\t\t\t<span class=\"elementor-button-text\">\u0110\u0103ng k\u00fd \u1edf \u0111\u00e2y<\/span>\n\t\t\t\t\t<\/span>\n\t\t\t\t\t<\/a>\n\t\t\t\t<\/div>\n\t\t\t\t\t\t\t\t<\/div>\n\t\t\t\t<\/div>\n\t\t\t\t<div class=\"elementor-element elementor-element-0b509fb elementor-widget elementor-widget-spacer\" data-id=\"0b509fb\" data-element_type=\"widget\" data-e-type=\"widget\" data-widget_type=\"spacer.default\">\n\t\t\t\t<div class=\"elementor-widget-container\">\n\t\t\t\t\t\t\t<div class=\"elementor-spacer\">\n\t\t\t<div class=\"elementor-spacer-inner\"><\/div>\n\t\t<\/div>\n\t\t\t\t\t\t<\/div>\n\t\t\t\t<\/div>\n\t\t\t\t\t<\/div>\n\t\t<\/div>\n\t\t\t\t\t<\/div>\n\t\t<\/section>\n\t\t\t\t\t<\/div>\n\t\t<\/div>\n\t\t\t\t\t<\/div>\n\t\t<\/section>\n\t\t\t\t<section class=\"elementor-section elementor-top-section elementor-element elementor-element-591714f elementor-section-content-middle elementor-section-boxed elementor-section-height-default elementor-section-height-default\" data-id=\"591714f\" data-element_type=\"section\" data-e-type=\"section\" data-settings=\"{&quot;background_background&quot;:&quot;classic&quot;}\">\n\t\t\t\t\t\t\t<div class=\"elementor-background-overlay\"><\/div>\n\t\t\t\t\t\t\t<div class=\"elementor-container elementor-column-gap-no\">\n\t\t\t\t\t<div class=\"elementor-column elementor-col-100 elementor-top-column elementor-element elementor-element-3e16866\" data-id=\"3e16866\" data-element_type=\"column\" data-e-type=\"column\">\n\t\t\t<div class=\"elementor-widget-wrap elementor-element-populated\">\n\t\t\t\t\t\t<div class=\"elementor-element elementor-element-c4359f4 elementor-widget elementor-widget-heading\" data-id=\"c4359f4\" data-element_type=\"widget\" data-e-type=\"widget\" data-widget_type=\"heading.default\">\n\t\t\t\t<div class=\"elementor-widget-container\">\n\t\t\t\t\t<h4 class=\"elementor-heading-title elementor-size-default\">Kh\u00f4ng bi\u1ebft ch\u1eafc n\u00ean b\u1eaft \u0111\u1ea7u t\u1eeb \u0111\u00e2u<\/h4>\t\t\t\t<\/div>\n\t\t\t\t<\/div>\n\t\t\t\t<div class=\"elementor-element elementor-element-390cdb8 elementor-widget elementor-widget-text-editor\" data-id=\"390cdb8\" data-element_type=\"widget\" data-e-type=\"widget\" data-widget_type=\"text-editor.default\">\n\t\t\t\t<div class=\"elementor-widget-container\">\n\t\t\t\t\t\t\t\t\t<p style=\"text-align: center;\">Ch\u00fang t\u00f4i c\u00f3 m\u1ed9t c\u00f4ng c\u1ee5 l\u1ef1a ch\u1ecdn kh\u00f3a h\u1ecdc \u0111\u1ec3 gi\u00fap b\u1ea1n t\u00ecm \u0111\u01b0\u1eddng \u0111\u1ebfn v\u1edbi ch\u1ee9ng th\u1ef1c m\u00f4 t\u00f4<\/p>\t\t\t\t\t\t\t\t<\/div>\n\t\t\t\t<\/div>\n\t\t\t\t<section class=\"elementor-section elementor-inner-section elementor-element elementor-element-dd07b44 elementor-section-boxed elementor-section-height-default elementor-section-height-default\" data-id=\"dd07b44\" data-element_type=\"section\" data-e-type=\"section\">\n\t\t\t\t\t\t<div class=\"elementor-container elementor-column-gap-default\">\n\t\t\t\t\t<div class=\"elementor-column elementor-col-50 elementor-inner-column elementor-element elementor-element-0d2567d\" data-id=\"0d2567d\" data-element_type=\"column\" data-e-type=\"column\">\n\t\t\t<div class=\"elementor-widget-wrap elementor-element-populated\">\n\t\t\t\t\t\t<div class=\"elementor-element elementor-element-71a1034 elementor-align-center elementor-icon-list--layout-traditional elementor-list-item-link-full_width elementor-widget elementor-widget-icon-list\" data-id=\"71a1034\" data-element_type=\"widget\" data-e-type=\"widget\" data-widget_type=\"icon-list.default\">\n\t\t\t\t<div class=\"elementor-widget-container\">\n\t\t\t\t\t\t\t<ul class=\"elementor-icon-list-items\">\n\t\t\t\t\t\t\t<li class=\"elementor-icon-list-item\">\n\t\t\t\t\t\t\t\t\t\t\t<a href=\"http:\/\/gowmst.com\/vi\/khoa-hoc-xe-may-huong-dan-bat-dau-tai-day\/\">\n\n\t\t\t\t\t\t\t\t\t\t\t\t<span class=\"elementor-icon-list-icon\">\n\t\t\t\t\t\t\t<i aria-hidden=\"true\" class=\"far fa-check-circle\"><\/i>\t\t\t\t\t\t<\/span>\n\t\t\t\t\t\t\t\t\t\t<span class=\"elementor-icon-list-text\">Ch\u01b0a bao gi\u1edd \u0111i xe m\u00e1y<\/span>\n\t\t\t\t\t\t\t\t\t\t\t<\/a>\n\t\t\t\t\t\t\t\t\t<\/li>\n\t\t\t\t\t\t\t\t<li class=\"elementor-icon-list-item\">\n\t\t\t\t\t\t\t\t\t\t\t<a href=\"http:\/\/gowmst.com\/vi\/khoa-hoc-xe-may-huong-dan-bat-dau-tai-day\/\">\n\n\t\t\t\t\t\t\t\t\t\t\t\t<span class=\"elementor-icon-list-icon\">\n\t\t\t\t\t\t\t<i aria-hidden=\"true\" class=\"far fa-check-circle\"><\/i>\t\t\t\t\t\t<\/span>\n\t\t\t\t\t\t\t\t\t\t<span class=\"elementor-icon-list-text\">kh\u00f3a h\u1ecdc b\u1eb1ng l\u00e1i xe m\u00e1y <\/span>\n\t\t\t\t\t\t\t\t\t\t\t<\/a>\n\t\t\t\t\t\t\t\t\t<\/li>\n\t\t\t\t\t\t\t\t<li class=\"elementor-icon-list-item\">\n\t\t\t\t\t\t\t\t\t\t\t<a href=\"http:\/\/gowmst.com\/vi\/khoa-hoc-xe-may-huong-dan-bat-dau-tai-day\/\">\n\n\t\t\t\t\t\t\t\t\t\t\t\t<span class=\"elementor-icon-list-icon\">\n\t\t\t\t\t\t\t<i aria-hidden=\"true\" class=\"far fa-check-circle\"><\/i>\t\t\t\t\t\t<\/span>\n\t\t\t\t\t\t\t\t\t\t<span class=\"elementor-icon-list-text\">ch\u1ee9ng th\u1ef1c xe m\u00e1y<\/span>\n\t\t\t\t\t\t\t\t\t\t\t<\/a>\n\t\t\t\t\t\t\t\t\t<\/li>\n\t\t\t\t\t\t\t\t<li class=\"elementor-icon-list-item\">\n\t\t\t\t\t\t\t\t\t\t\t<a href=\"http:\/\/gowmst.com\/vi\/khoa-hoc-xe-may-huong-dan-bat-dau-tai-day\/\">\n\n\t\t\t\t\t\t\t\t\t\t\t\t<span class=\"elementor-icon-list-icon\">\n\t\t\t\t\t\t\t<i aria-hidden=\"true\" class=\"far fa-check-circle\"><\/i>\t\t\t\t\t\t<\/span>\n\t\t\t\t\t\t\t\t\t\t<span class=\"elementor-icon-list-text\">Xe m\u00e1y hai ho\u1eb7c ba b\u00e1nh<\/span>\n\t\t\t\t\t\t\t\t\t\t\t<\/a>\n\t\t\t\t\t\t\t\t\t<\/li>\n\t\t\t\t\t\t<\/ul>\n\t\t\t\t\t\t<\/div>\n\t\t\t\t<\/div>\n\t\t\t\t\t<\/div>\n\t\t<\/div>\n\t\t\t\t<div class=\"elementor-column elementor-col-50 elementor-inner-column elementor-element elementor-element-be2ecb8\" data-id=\"be2ecb8\" data-element_type=\"column\" data-e-type=\"column\">\n\t\t\t<div class=\"elementor-widget-wrap elementor-element-populated\">\n\t\t\t\t\t\t<div class=\"elementor-element elementor-element-e5afd45 elementor-align-center elementor-widget elementor-widget-button\" data-id=\"e5afd45\" data-element_type=\"widget\" data-e-type=\"widget\" data-widget_type=\"button.default\">\n\t\t\t\t<div class=\"elementor-widget-container\">\n\t\t\t\t\t\t\t\t\t<div class=\"elementor-button-wrapper\">\n\t\t\t\t\t<a class=\"elementor-button elementor-button-link elementor-size-md elementor-animation-float\" href=\"http:\/\/gowmst.com\/vi\/xe-may-washington-xe-may-huan-luyen-an-toan-giay-phep-chung-thuc-thu-nghiem-dol-phe-duyet\/khoa-hoc-xe-may-huong-dan-bat-dau-tai-day\/\">\n\t\t\t\t\t\t<span class=\"elementor-button-content-wrapper\">\n\t\t\t\t\t\t<span class=\"elementor-button-icon\">\n\t\t\t\t<i aria-hidden=\"true\" class=\"fas fa-arrow-right\"><\/i>\t\t\t<\/span>\n\t\t\t\t\t\t\t\t\t<span class=\"elementor-button-text\">H\u01b0\u1edbng d\u1eabn kh\u00f3a h\u1ecdc xe m\u00e1y<\/span>\n\t\t\t\t\t<\/span>\n\t\t\t\t\t<\/a>\n\t\t\t\t<\/div>\n\t\t\t\t\t\t\t\t<\/div>\n\t\t\t\t<\/div>\n\t\t\t\t\t<\/div>\n\t\t<\/div>\n\t\t\t\t\t<\/div>\n\t\t<\/section>\n\t\t\t\t\t<\/div>\n\t\t<\/div>\n\t\t\t\t\t<\/div>\n\t\t<\/section>\n\t\t\t\t<section class=\"elementor-section elementor-top-section elementor-element elementor-element-0cfce73 elementor-section-boxed elementor-section-height-default elementor-section-height-default\" data-id=\"0cfce73\" data-element_type=\"section\" data-e-type=\"section\" data-settings=\"{&quot;background_background&quot;:&quot;classic&quot;}\">\n\t\t\t\t\t\t\t<div class=\"elementor-background-overlay\"><\/div>\n\t\t\t\t\t\t\t<div class=\"elementor-container elementor-column-gap-default\">\n\t\t\t\t\t<div class=\"elementor-column elementor-col-100 elementor-top-column elementor-element elementor-element-053365f\" data-id=\"053365f\" data-element_type=\"column\" data-e-type=\"column\">\n\t\t\t<div class=\"elementor-widget-wrap\">\n\t\t\t\t\t\t\t<\/div>\n\t\t<\/div>\n\t\t\t\t\t<\/div>\n\t\t<\/section>\n\t\t\t\t<\/div>","protected":false},"excerpt":{"rendered":"<p>Welcome Motorcycle Riders! Select below to learn more about our motorcycle courses and DOL approved testing 2 &amp; 3 Wheel Motorcycle Courses Register Here Permit &#038; Endorsement Knowledge &#038; Skills Testing Register Here Not Sure Where to Start We have a course selection tool to help you find your path to a motorcycle endorsement Never [&hellip;]<\/p>\n","protected":false},"author":6,"featured_media":0,"parent":5434,"menu_order":0,"comment_status":"closed","ping_status":"closed","template":"elementor_header_footer","meta":{"_eb_attr":"","footnotes":""},"class_list":["post-14297","page","type-page","status-publish","hentry"],"yoast_head":"<!-- This site is optimized with the Yoast SEO plugin v27.4 - https:\/\/yoast.com\/product\/yoast-seo-wordpress\/ -->\n<title>Motorcycle | Courses &amp; Testing - WMST<\/title>\n<meta name=\"robots\" content=\"index, follow, max-snippet:-1, max-image-preview:large, max-video-preview:-1\" \/>\n<link rel=\"canonical\" href=\"https:\/\/gowmst.com\/vi\/xe-may-washington-xe-may-huan-luyen-an-toan-giay-phep-chung-thuc-thu-nghiem-dol-phe-duyet\/xe-may-silverdale-apex-airpark-lop-hoc-dia-diem-2\/\" \/>\n<meta property=\"og:locale\" content=\"vi_VN\" \/>\n<meta property=\"og:type\" content=\"article\" \/>\n<meta property=\"og:title\" content=\"Motorcycle | Courses &amp; Testing - WMST\" \/>\n<meta property=\"og:description\" content=\"Welcome Motorcycle Riders! Select below to learn more about our motorcycle courses and DOL approved testing 2 &amp; 3 Wheel Motorcycle Courses Register Here Permit &#038; Endorsement Knowledge &#038; Skills Testing Register Here Not Sure Where to Start We have a course selection tool to help you find your path to a motorcycle endorsement Never [&hellip;]\" \/>\n<meta property=\"og:url\" content=\"https:\/\/gowmst.com\/vi\/xe-may-washington-xe-may-huan-luyen-an-toan-giay-phep-chung-thuc-thu-nghiem-dol-phe-duyet\/xe-may-silverdale-apex-airpark-lop-hoc-dia-diem-2\/\" \/>\n<meta property=\"og:site_name\" content=\"WMST\" \/>\n<meta property=\"article:modified_time\" content=\"2025-05-15T21:22:36+00:00\" \/>\n<meta name=\"twitter:card\" content=\"summary_large_image\" \/>\n<!-- \/ Yoast SEO plugin. -->","yoast_head_json":{"title":"Motorcycle | Courses & Testing - WMST","robots":{"index":"index","follow":"follow","max-snippet":"max-snippet:-1","max-image-preview":"max-image-preview:large","max-video-preview":"max-video-preview:-1"},"canonical":"https:\/\/gowmst.com\/vi\/xe-may-washington-xe-may-huan-luyen-an-toan-giay-phep-chung-thuc-thu-nghiem-dol-phe-duyet\/xe-may-silverdale-apex-airpark-lop-hoc-dia-diem-2\/","og_locale":"vi_VN","og_type":"article","og_title":"Motorcycle | Courses & Testing - WMST","og_description":"Welcome Motorcycle Riders! Select below to learn more about our motorcycle courses and DOL approved testing 2 &amp; 3 Wheel Motorcycle Courses Register Here Permit &#038; Endorsement Knowledge &#038; Skills Testing Register Here Not Sure Where to Start We have a course selection tool to help you find your path to a motorcycle endorsement Never [&hellip;]","og_url":"https:\/\/gowmst.com\/vi\/xe-may-washington-xe-may-huan-luyen-an-toan-giay-phep-chung-thuc-thu-nghiem-dol-phe-duyet\/xe-may-silverdale-apex-airpark-lop-hoc-dia-diem-2\/","og_site_name":"WMST","article_modified_time":"2025-05-15T21:22:36+00:00","twitter_card":"summary_large_image","schema":{"@context":"https:\/\/schema.org","@graph":[{"@type":"WebPage","@id":"https:\/\/gowmst.com\/ru\/%d0%bc%d0%be%d1%82%d0%be%d1%86%d0%b8%d0%ba%d0%bb-%d0%b2%d0%b0%d1%88%d0%b8%d0%bd%d0%b3%d1%82%d0%be%d0%bd-%d0%bc%d0%be%d1%82%d0%be%d1%86%d0%b8%d0%ba%d0%bb-%d0%b1%d0%b5%d0%b7%d0%be%d0%bf%d0%b0%d1%81\/%d0%bc%d0%be%d1%82%d0%be%d1%86%d0%b8%d0%ba%d0%bb-%d1%81%d0%b8%d0%bb%d1%8c%d0%b2%d0%b5%d1%80%d0%b4%d0%b5%d0%b9%d0%bb-%d0%b0%d0%bf%d0%b5%d0%ba%d1%81-%d0%b0%d1%8d%d1%80%d0%be%d0%bf%d0%b0%d1%80%d0%ba-2\/","url":"https:\/\/gowmst.com\/ru\/%d0%bc%d0%be%d1%82%d0%be%d1%86%d0%b8%d0%ba%d0%bb-%d0%b2%d0%b0%d1%88%d0%b8%d0%bd%d0%b3%d1%82%d0%be%d0%bd-%d0%bc%d0%be%d1%82%d0%be%d1%86%d0%b8%d0%ba%d0%bb-%d0%b1%d0%b5%d0%b7%d0%be%d0%bf%d0%b0%d1%81\/%d0%bc%d0%be%d1%82%d0%be%d1%86%d0%b8%d0%ba%d0%bb-%d1%81%d0%b8%d0%bb%d1%8c%d0%b2%d0%b5%d1%80%d0%b4%d0%b5%d0%b9%d0%bb-%d0%b0%d0%bf%d0%b5%d0%ba%d1%81-%d0%b0%d1%8d%d1%80%d0%be%d0%bf%d0%b0%d1%80%d0%ba-2\/","name":"Motorcycle | Courses & Testing - WMST","isPartOf":{"@id":"https:\/\/gowmst.com\/es\/#website"},"datePublished":"2023-09-01T00:50:47+00:00","dateModified":"2025-05-15T21:22:36+00:00","breadcrumb":{"@id":"https:\/\/gowmst.com\/ru\/%d0%bc%d0%be%d1%82%d0%be%d1%86%d0%b8%d0%ba%d0%bb-%d0%b2%d0%b0%d1%88%d0%b8%d0%bd%d0%b3%d1%82%d0%be%d0%bd-%d0%bc%d0%be%d1%82%d0%be%d1%86%d0%b8%d0%ba%d0%bb-%d0%b1%d0%b5%d0%b7%d0%be%d0%bf%d0%b0%d1%81\/%d0%bc%d0%be%d1%82%d0%be%d1%86%d0%b8%d0%ba%d0%bb-%d1%81%d0%b8%d0%bb%d1%8c%d0%b2%d0%b5%d1%80%d0%b4%d0%b5%d0%b9%d0%bb-%d0%b0%d0%bf%d0%b5%d0%ba%d1%81-%d0%b0%d1%8d%d1%80%d0%be%d0%bf%d0%b0%d1%80%d0%ba-2\/#breadcrumb"},"inLanguage":"vi","potentialAction":[{"@type":"ReadAction","target":["https:\/\/gowmst.com\/ru\/%d0%bc%d0%be%d1%82%d0%be%d1%86%d0%b8%d0%ba%d0%bb-%d0%b2%d0%b0%d1%88%d0%b8%d0%bd%d0%b3%d1%82%d0%be%d0%bd-%d0%bc%d0%be%d1%82%d0%be%d1%86%d0%b8%d0%ba%d0%bb-%d0%b1%d0%b5%d0%b7%d0%be%d0%bf%d0%b0%d1%81\/%d0%bc%d0%be%d1%82%d0%be%d1%86%d0%b8%d0%ba%d0%bb-%d1%81%d0%b8%d0%bb%d1%8c%d0%b2%d0%b5%d1%80%d0%b4%d0%b5%d0%b9%d0%bb-%d0%b0%d0%bf%d0%b5%d0%ba%d1%81-%d0%b0%d1%8d%d1%80%d0%be%d0%bf%d0%b0%d1%80%d0%ba-2\/"]}]},{"@type":"BreadcrumbList","@id":"https:\/\/gowmst.com\/ru\/%d0%bc%d0%be%d1%82%d0%be%d1%86%d0%b8%d0%ba%d0%bb-%d0%b2%d0%b0%d1%88%d0%b8%d0%bd%d0%b3%d1%82%d0%be%d0%bd-%d0%bc%d0%be%d1%82%d0%be%d1%86%d0%b8%d0%ba%d0%bb-%d0%b1%d0%b5%d0%b7%d0%be%d0%bf%d0%b0%d1%81\/%d0%bc%d0%be%d1%82%d0%be%d1%86%d0%b8%d0%ba%d0%bb-%d1%81%d0%b8%d0%bb%d1%8c%d0%b2%d0%b5%d1%80%d0%b4%d0%b5%d0%b9%d0%bb-%d0%b0%d0%bf%d0%b5%d0%ba%d1%81-%d0%b0%d1%8d%d1%80%d0%be%d0%bf%d0%b0%d1%80%d0%ba-2\/#breadcrumb","itemListElement":[{"@type":"ListItem","position":1,"name":"Home","item":"https:\/\/gowmst.com\/ja\/"},{"@type":"ListItem","position":2,"name":"Motorcycle | Washington Motorcycle Safety Training Permit Endorsement Testing DOL Approved","item":"https:\/\/gowmst.com\/ru\/%d0%bc%d0%be%d1%82%d0%be%d1%86%d0%b8%d0%ba%d0%bb-%d0%b2%d0%b0%d1%88%d0%b8%d0%bd%d0%b3%d1%82%d0%be%d0%bd-%d0%bc%d0%be%d1%82%d0%be%d1%86%d0%b8%d0%ba%d0%bb-%d0%b1%d0%b5%d0%b7%d0%be%d0%bf%d0%b0%d1%81\/"},{"@type":"ListItem","position":3,"name":"Motorcycle | Courses &#038; Testing"}]},{"@type":"WebSite","@id":"https:\/\/gowmst.com\/es\/#website","url":"https:\/\/gowmst.com\/es\/","name":"WMST","description":"Drivers Education &amp; Motorcycle Safety Training","potentialAction":[{"@type":"SearchAction","target":{"@type":"EntryPoint","urlTemplate":"https:\/\/gowmst.com\/es\/?s={search_term_string}"},"query-input":{"@type":"PropertyValueSpecification","valueRequired":true,"valueName":"search_term_string"}}],"inLanguage":"vi"}]}},"_links":{"self":[{"href":"https:\/\/gowmst.com\/vi\/wp-json\/wp\/v2\/pages\/14297","targetHints":{"allow":["GET"]}}],"collection":[{"href":"https:\/\/gowmst.com\/vi\/wp-json\/wp\/v2\/pages"}],"about":[{"href":"https:\/\/gowmst.com\/vi\/wp-json\/wp\/v2\/types\/page"}],"author":[{"embeddable":true,"href":"https:\/\/gowmst.com\/vi\/wp-json\/wp\/v2\/users\/6"}],"replies":[{"embeddable":true,"href":"https:\/\/gowmst.com\/vi\/wp-json\/wp\/v2\/comments?post=14297"}],"version-history":[{"count":13,"href":"https:\/\/gowmst.com\/vi\/wp-json\/wp\/v2\/pages\/14297\/revisions"}],"predecessor-version":[{"id":14361,"href":"https:\/\/gowmst.com\/vi\/wp-json\/wp\/v2\/pages\/14297\/revisions\/14361"}],"up":[{"embeddable":true,"href":"https:\/\/gowmst.com\/vi\/wp-json\/wp\/v2\/pages\/5434"}],"wp:attachment":[{"href":"https:\/\/gowmst.com\/vi\/wp-json\/wp\/v2\/media?parent=14297"}],"curies":[{"name":"wp","href":"https:\/\/api.w.org\/{rel}","templated":true}]}}