{"id":13160,"date":"2023-02-15T22:36:18","date_gmt":"2023-02-15T13:36:18","guid":{"rendered":"http:\/\/pnw.venbit.net\/?page_id=13160"},"modified":"2025-05-16T06:18:26","modified_gmt":"2025-05-15T21:18:26","slug":"wmst-dang-nhap","status":"publish","type":"page","link":"https:\/\/gowmst.com\/vi\/drive-washington-motorist-safety-training-drivers-education-permit-license-testing-dol-approved\/wmst-login\/","title":{"rendered":"WMST | Login"},"content":{"rendered":"<div data-elementor-type=\"wp-page\" data-elementor-id=\"13160\" class=\"elementor elementor-13160\" data-elementor-post-type=\"page\">\n\t\t\t\t\t\t<section class=\"elementor-section elementor-top-section elementor-element elementor-element-d45f544 elementor-section-boxed elementor-section-height-default elementor-section-height-default\" data-id=\"d45f544\" data-element_type=\"section\" data-e-type=\"section\" data-settings=\"{&quot;background_background&quot;:&quot;classic&quot;}\">\n\t\t\t\t\t\t<div class=\"elementor-container elementor-column-gap-default\">\n\t\t\t\t\t<div class=\"elementor-column elementor-col-100 elementor-top-column elementor-element elementor-element-567a836\" data-id=\"567a836\" data-element_type=\"column\" data-e-type=\"column\">\n\t\t\t<div class=\"elementor-widget-wrap elementor-element-populated\">\n\t\t\t\t\t\t<div class=\"elementor-element elementor-element-30fd301 elementor-widget elementor-widget-spacer\" data-id=\"30fd301\" data-element_type=\"widget\" data-e-type=\"widget\" data-widget_type=\"spacer.default\">\n\t\t\t\t<div class=\"elementor-widget-container\">\n\t\t\t\t\t\t\t<div class=\"elementor-spacer\">\n\t\t\t<div class=\"elementor-spacer-inner\"><\/div>\n\t\t<\/div>\n\t\t\t\t\t\t<\/div>\n\t\t\t\t<\/div>\n\t\t\t\t\t<\/div>\n\t\t<\/div>\n\t\t\t\t\t<\/div>\n\t\t<\/section>\n\t\t\t\t<section class=\"elementor-section elementor-top-section elementor-element elementor-element-4d84ee8 elementor-section-height-min-height elementor-section-content-bottom elementor-section-boxed elementor-section-height-default elementor-section-items-middle\" data-id=\"4d84ee8\" data-element_type=\"section\" data-e-type=\"section\" data-settings=\"{&quot;background_background&quot;:&quot;classic&quot;}\">\n\t\t\t\t\t\t<div class=\"elementor-container elementor-column-gap-default\">\n\t\t\t\t\t<div class=\"elementor-column elementor-col-100 elementor-top-column elementor-element elementor-element-c7104fd\" data-id=\"c7104fd\" data-element_type=\"column\" data-e-type=\"column\">\n\t\t\t<div class=\"elementor-widget-wrap elementor-element-populated\">\n\t\t\t\t\t\t<section class=\"elementor-section elementor-inner-section elementor-element elementor-element-e06ccd5 elementor-section-boxed elementor-section-height-default elementor-section-height-default\" data-id=\"e06ccd5\" data-element_type=\"section\" data-e-type=\"section\">\n\t\t\t\t\t\t<div class=\"elementor-container elementor-column-gap-default\">\n\t\t\t\t\t<div class=\"elementor-column elementor-col-33 elementor-inner-column elementor-element elementor-element-d6be0d7\" data-id=\"d6be0d7\" data-element_type=\"column\" data-e-type=\"column\">\n\t\t\t<div class=\"elementor-widget-wrap\">\n\t\t\t\t\t\t\t<\/div>\n\t\t<\/div>\n\t\t\t\t<div class=\"elementor-column elementor-col-33 elementor-inner-column elementor-element elementor-element-9bff19c\" data-id=\"9bff19c\" data-element_type=\"column\" data-e-type=\"column\" data-settings=\"{&quot;background_background&quot;:&quot;classic&quot;}\">\n\t\t\t<div class=\"elementor-widget-wrap elementor-element-populated\">\n\t\t\t\t\t\t<div class=\"elementor-element elementor-element-f5237f5 elementor-widget elementor-widget-heading\" data-id=\"f5237f5\" data-element_type=\"widget\" data-e-type=\"widget\" data-widget_type=\"heading.default\">\n\t\t\t\t<div class=\"elementor-widget-container\">\n\t\t\t\t\t<h2 class=\"elementor-heading-title elementor-size-default\">Ch\u00e0o m\u1eebng tr\u1edf l\u1ea1i<\/h2>\t\t\t\t<\/div>\n\t\t\t\t<\/div>\n\t\t\t\t<div class=\"elementor-element elementor-element-97e3df7 elementor-widget elementor-widget-text-editor\" data-id=\"97e3df7\" data-element_type=\"widget\" data-e-type=\"widget\" data-widget_type=\"text-editor.default\">\n\t\t\t\t<div class=\"elementor-widget-container\">\n\t\t\t\t\t\t\t\t\t<p>Vui l\u00f2ng \u0111\u0103ng nh\u1eadp \u0111\u1ec3 truy c\u1eadp t\u00e0i li\u1ec7u l\u1edbp h\u1ecdc c\u1ee7a b\u1ea1n, xem l\u1ecbch tr\u00ecnh c\u1ee7a b\u1ea1n v\u00e0 duy tr\u00ec k\u1ebft n\u1ed1i<\/p>\t\t\t\t\t\t\t\t<\/div>\n\t\t\t\t<\/div>\n\t\t\t\t<div class=\"elementor-element elementor-element-3e5b1ff elementor-widget elementor-widget-login\" data-id=\"3e5b1ff\" data-element_type=\"widget\" data-e-type=\"widget\" data-widget_type=\"login.default\">\n\t\t\t\t<div class=\"elementor-widget-container\">\n\t\t\t\t\t\t\t<form class=\"elementor-login elementor-form\" method=\"post\" action=\"https:\/\/gowmst.com\/wp-login.php\" aria-label=\"Login form\">\n\t\t\t<input type=\"hidden\" name=\"redirect_to\" value=\"\/vi\/wp-json\/wp\/v2\/pages\/13160\">\n\t\t\t<div class=\"elementor-form-fields-wrapper\">\n\t\t\t\t<div class=\"elementor-field-type-text elementor-field-group elementor-column elementor-col-100 elementor-field-required\">\n\t\t\t\t\t<label for=\"user-3e5b1ff\" class=\"elementor-field-label\">T\u00ean ng\u01b0\u1eddi d\u00f9ng ho\u1eb7c \u0111\u1ecba ch\u1ec9 email<\/label>\n\t\t\t\t\t<input size=\"1\" type=\"text\" name=\"log\" id=\"user-3e5b1ff\" placeholder=\"\" class=\"elementor-field elementor-field-textual elementor-size-md\">\n\t\t\t\t<\/div>\n\t\t\t\t<div class=\"elementor-field-type-text elementor-field-group elementor-column elementor-col-100 elementor-field-required\">\n\t\t\t\t\t<label for=\"password-3e5b1ff\" class=\"elementor-field-label\">M\u1eadt kh\u1ea9u<\/label>\n\t\t\t\t\t<input size=\"1\" type=\"password\" name=\"pwd\" id=\"password-3e5b1ff\" placeholder=\"\" class=\"elementor-field elementor-field-textual elementor-size-md\">\n\t\t\t\t<\/div>\n\n\t\t\t\t\t\t\t\t\t<div class=\"elementor-field-type-checkbox elementor-field-group elementor-column elementor-col-100 elementor-remember-me\">\n\t\t\t\t\t\t<label for=\"elementor-login-remember-me\">\n\t\t\t\t\t\t\t<input type=\"checkbox\" id=\"elementor-login-remember-me\" name=\"rememberme\" value=\"forever\">\n\t\t\t\t\t\t\tRemember Me\t\t\t\t\t\t<\/label>\n\t\t\t\t\t<\/div>\n\t\t\t\t\n\t\t\t\t<div class=\"elementor-field-group elementor-column elementor-field-type-submit elementor-col-100\">\n\t\t\t\t\t<button type=\"submit\" class=\"elementor-size-lg elementor-animation-float elementor-button\" name=\"wp-submit\">\n\t\t\t\t\t\t\t\t\t\t\t\t\t\t\t<span class=\"elementor-button-text\">\u0110\u0103ng nh\u1eadp<\/span>\n\t\t\t\t\t\t\t\t\t\t\t\t<\/button>\n\t\t\t\t<\/div>\n\n\t\t\t\t\t\t\t\t\t<div class=\"elementor-field-group elementor-column elementor-col-100\">\n\t\t\t\t\t\t\t\t\t\t\t\t\t\t\t\t\t\t\t\t<a class=\"elementor-lost-password\" href=\"https:\/\/gowmst.com\/wp-login.php?action=lostpassword&redirect_to=%2Fvi%2Fwp-json%2Fwp%2Fv2%2Fpages%2F13160\">\n\t\t\t\t\t\t\t\tLost your password?\t\t\t\t\t\t\t<\/a>\n\t\t\t\t\t\t\n\t\t\t\t\t\t\t\t\t\t\t<\/div>\n\t\t\t\t\t\t\t<\/div>\n\t\t<\/form>\n\t\t\t\t\t\t<\/div>\n\t\t\t\t<\/div>\n\t\t\t\t\t<\/div>\n\t\t<\/div>\n\t\t\t\t<div class=\"elementor-column elementor-col-33 elementor-inner-column elementor-element elementor-element-b343300\" data-id=\"b343300\" data-element_type=\"column\" data-e-type=\"column\">\n\t\t\t<div class=\"elementor-widget-wrap\">\n\t\t\t\t\t\t\t<\/div>\n\t\t<\/div>\n\t\t\t\t\t<\/div>\n\t\t<\/section>\n\t\t\t\t\t<\/div>\n\t\t<\/div>\n\t\t\t\t\t<\/div>\n\t\t<\/section>\n\t\t\t\t<section class=\"elementor-section elementor-top-section elementor-element elementor-element-f06e496 elementor-section-boxed elementor-section-height-default elementor-section-height-default\" data-id=\"f06e496\" data-element_type=\"section\" data-e-type=\"section\" data-settings=\"{&quot;background_background&quot;:&quot;classic&quot;}\">\n\t\t\t\t\t\t<div class=\"elementor-container elementor-column-gap-default\">\n\t\t\t\t\t<div class=\"elementor-column elementor-col-100 elementor-top-column elementor-element elementor-element-969c18f\" data-id=\"969c18f\" data-element_type=\"column\" data-e-type=\"column\">\n\t\t\t<div class=\"elementor-widget-wrap elementor-element-populated\">\n\t\t\t\t\t\t<div class=\"elementor-element elementor-element-1b73440 elementor-widget elementor-widget-heading\" data-id=\"1b73440\" data-element_type=\"widget\" data-e-type=\"widget\" data-widget_type=\"heading.default\">\n\t\t\t\t<div class=\"elementor-widget-container\">\n\t\t\t\t\t<h1 class=\"elementor-heading-title elementor-size-default\">K\u1ebft n\u1ed1i c\u1ed9ng \u0111\u1ed3ng &amp; truy\u1ec1n c\u1ea3m h\u1ee9ng cho nh\u1eefng con \u0111\u01b0\u1eddng an to\u00e0n h\u01a1n<\/h1>\t\t\t\t<\/div>\n\t\t\t\t<\/div>\n\t\t\t\t\t<\/div>\n\t\t<\/div>\n\t\t\t\t\t<\/div>\n\t\t<\/section>\n\t\t\t\t<\/div>","protected":false},"excerpt":{"rendered":"<p>Welcome Back Please login to access your class materials, see your schedule &amp; stay connected Connecting Communities &amp; Inspiring Safer Roads<\/p>","protected":false},"author":6,"featured_media":0,"parent":5436,"menu_order":0,"comment_status":"closed","ping_status":"closed","template":"elementor_header_footer","meta":{"_eb_attr":"","footnotes":""},"class_list":["post-13160","page","type-page","status-publish","hentry"],"yoast_head":"<!-- This site is optimized with the Yoast SEO plugin v27.4 - https:\/\/yoast.com\/product\/yoast-seo-wordpress\/ -->\n<title>WMST | Login - WMST<\/title>\n<meta name=\"robots\" content=\"index, follow, max-snippet:-1, max-image-preview:large, max-video-preview:-1\" \/>\n<link rel=\"canonical\" href=\"https:\/\/gowmst.com\/vi\/drive-washington-nguoi-lai-xe-an-toan-dao-tao-lai-xe-giao-duc-giay-phep-kiem-tra-giay-phep-dol-phe-duyet\/wmst-dang-nhap\/\" \/>\n<meta property=\"og:locale\" content=\"vi_VN\" \/>\n<meta property=\"og:type\" content=\"article\" \/>\n<meta property=\"og:title\" content=\"WMST | Login - WMST\" \/>\n<meta property=\"og:description\" content=\"Welcome Back Please login to access your class materials, see your schedule &amp; stay connected Connecting Communities &amp; Inspiring Safer Roads\" \/>\n<meta property=\"og:url\" content=\"https:\/\/gowmst.com\/vi\/drive-washington-nguoi-lai-xe-an-toan-dao-tao-lai-xe-giao-duc-giay-phep-kiem-tra-giay-phep-dol-phe-duyet\/wmst-dang-nhap\/\" \/>\n<meta property=\"og:site_name\" content=\"WMST\" \/>\n<meta property=\"article:modified_time\" content=\"2025-05-15T21:18:26+00:00\" \/>\n<meta name=\"twitter:card\" content=\"summary_large_image\" \/>\n<!-- \/ Yoast SEO plugin. -->","yoast_head_json":{"title":"WMST | Login - WMST","robots":{"index":"index","follow":"follow","max-snippet":"max-snippet:-1","max-image-preview":"max-image-preview:large","max-video-preview":"max-video-preview:-1"},"canonical":"https:\/\/gowmst.com\/vi\/drive-washington-nguoi-lai-xe-an-toan-dao-tao-lai-xe-giao-duc-giay-phep-kiem-tra-giay-phep-dol-phe-duyet\/wmst-dang-nhap\/","og_locale":"vi_VN","og_type":"article","og_title":"WMST | Login - WMST","og_description":"Welcome Back Please login to access your class materials, see your schedule &amp; stay connected Connecting Communities &amp; Inspiring Safer Roads","og_url":"https:\/\/gowmst.com\/vi\/drive-washington-nguoi-lai-xe-an-toan-dao-tao-lai-xe-giao-duc-giay-phep-kiem-tra-giay-phep-dol-phe-duyet\/wmst-dang-nhap\/","og_site_name":"WMST","article_modified_time":"2025-05-15T21:18:26+00:00","twitter_card":"summary_large_image","schema":{"@context":"https:\/\/schema.org","@graph":[{"@type":"WebPage","@id":"https:\/\/gowmst.com\/drive-washington-motorist-safety-training-drivers-education-permit-license-testing-dol-approved\/wmst-login\/","url":"https:\/\/gowmst.com\/drive-washington-motorist-safety-training-drivers-education-permit-license-testing-dol-approved\/wmst-login\/","name":"WMST | Login - WMST","isPartOf":{"@id":"https:\/\/gowmst.com\/es\/#website"},"datePublished":"2023-02-15T13:36:18+00:00","dateModified":"2025-05-15T21:18:26+00:00","breadcrumb":{"@id":"https:\/\/gowmst.com\/drive-washington-motorist-safety-training-drivers-education-permit-license-testing-dol-approved\/wmst-login\/#breadcrumb"},"inLanguage":"vi","potentialAction":[{"@type":"ReadAction","target":["https:\/\/gowmst.com\/drive-washington-motorist-safety-training-drivers-education-permit-license-testing-dol-approved\/wmst-login\/"]}]},{"@type":"BreadcrumbList","@id":"https:\/\/gowmst.com\/drive-washington-motorist-safety-training-drivers-education-permit-license-testing-dol-approved\/wmst-login\/#breadcrumb","itemListElement":[{"@type":"ListItem","position":1,"name":"Home","item":"https:\/\/gowmst.com\/ja\/"},{"@type":"ListItem","position":2,"name":"Drive | Washington Motorist Safety Training Drivers Education Permit License Testing DOL Approved","item":"https:\/\/gowmst.com\/ja\/%e3%83%89%e3%83%a9%e3%82%a4%e3%83%96-%e3%83%af%e3%82%b7%e3%83%b3%e3%83%88%e3%83%b3-%e9%81%8b%e8%bb%a2%e6%89%8b-%e5%ae%89%e5%85%a8-%e3%83%88%e3%83%ac%e3%83%bc%e3%83%8b%e3%83%b3%e3%82%b0-%e3%83%89\/"},{"@type":"ListItem","position":3,"name":"WMST | Login"}]},{"@type":"WebSite","@id":"https:\/\/gowmst.com\/es\/#website","url":"https:\/\/gowmst.com\/es\/","name":"WMST","description":"Drivers Education &amp; Motorcycle Safety Training","potentialAction":[{"@type":"SearchAction","target":{"@type":"EntryPoint","urlTemplate":"https:\/\/gowmst.com\/es\/?s={search_term_string}"},"query-input":{"@type":"PropertyValueSpecification","valueRequired":true,"valueName":"search_term_string"}}],"inLanguage":"vi"}]}},"_links":{"self":[{"href":"https:\/\/gowmst.com\/vi\/wp-json\/wp\/v2\/pages\/13160","targetHints":{"allow":["GET"]}}],"collection":[{"href":"https:\/\/gowmst.com\/vi\/wp-json\/wp\/v2\/pages"}],"about":[{"href":"https:\/\/gowmst.com\/vi\/wp-json\/wp\/v2\/types\/page"}],"author":[{"embeddable":true,"href":"https:\/\/gowmst.com\/vi\/wp-json\/wp\/v2\/users\/6"}],"replies":[{"embeddable":true,"href":"https:\/\/gowmst.com\/vi\/wp-json\/wp\/v2\/comments?post=13160"}],"version-history":[{"count":25,"href":"https:\/\/gowmst.com\/vi\/wp-json\/wp\/v2\/pages\/13160\/revisions"}],"predecessor-version":[{"id":13233,"href":"https:\/\/gowmst.com\/vi\/wp-json\/wp\/v2\/pages\/13160\/revisions\/13233"}],"up":[{"embeddable":true,"href":"https:\/\/gowmst.com\/vi\/wp-json\/wp\/v2\/pages\/5436"}],"wp:attachment":[{"href":"https:\/\/gowmst.com\/vi\/wp-json\/wp\/v2\/media?parent=13160"}],"curies":[{"name":"wp","href":"https:\/\/api.w.org\/{rel}","templated":true}]}}