{"id":9853,"date":"2022-03-25T20:38:26","date_gmt":"2022-03-25T20:38:26","guid":{"rendered":"http:\/\/pnw.venbit.net\/?page_id=9853"},"modified":"2026-01-06T08:41:38","modified_gmt":"2026-01-05T23:41:38","slug":"cours-initiation-moto","status":"publish","type":"page","link":"https:\/\/gowmst.com\/fr\/motorcycle-washington-motorcycle-safety-training-permit-endorsement-testing-dol-approved\/motorcycle-beginner-courses\/","title":{"rendered":"Motorcycle | Beginner Courses"},"content":{"rendered":"<div data-elementor-type=\"wp-page\" data-elementor-id=\"9853\" class=\"elementor elementor-9853\" data-elementor-post-type=\"page\">\n\t\t\t\t\t\t<section class=\"elementor-section elementor-top-section elementor-element elementor-element-8cfaee6 elementor-section-boxed elementor-section-height-default elementor-section-height-default\" data-id=\"8cfaee6\" data-element_type=\"section\" data-e-type=\"section\" data-settings=\"{&quot;background_background&quot;:&quot;classic&quot;}\">\n\t\t\t\t\t\t\t<div class=\"elementor-background-overlay\"><\/div>\n\t\t\t\t\t\t\t<div class=\"elementor-container elementor-column-gap-default\">\n\t\t\t\t\t<div class=\"elementor-column elementor-col-100 elementor-top-column elementor-element elementor-element-3c025fc\" data-id=\"3c025fc\" data-element_type=\"column\" data-e-type=\"column\">\n\t\t\t<div class=\"elementor-widget-wrap elementor-element-populated\">\n\t\t\t\t\t\t<div class=\"elementor-element elementor-element-dedd62d elementor-widget elementor-widget-heading\" data-id=\"dedd62d\" data-element_type=\"widget\" data-e-type=\"widget\" data-widget_type=\"heading.default\">\n\t\t\t\t<div class=\"elementor-widget-container\">\n\t\t\t\t\t<h1 class=\"elementor-heading-title elementor-size-default\">Cours de moto pour d\u00e9butants<\/h1>\t\t\t\t<\/div>\n\t\t\t\t<\/div>\n\t\t\t\t<div class=\"elementor-element elementor-element-f7183a2 elementor-widget elementor-widget-heading\" data-id=\"f7183a2\" data-element_type=\"widget\" data-e-type=\"widget\" data-widget_type=\"heading.default\">\n\t\t\t\t<div class=\"elementor-widget-container\">\n\t\t\t\t\t<h4 class=\"elementor-heading-title elementor-size-default\">Formation sur la s\u00e9curit\u00e9 des motos \u00e0 Washington<\/h4>\t\t\t\t<\/div>\n\t\t\t\t<\/div>\n\t\t\t\t\t<\/div>\n\t\t<\/div>\n\t\t\t\t\t<\/div>\n\t\t<\/section>\n\t\t\t\t<section class=\"elementor-section elementor-top-section elementor-element elementor-element-39b355e elementor-section-boxed elementor-section-height-default elementor-section-height-default\" data-id=\"39b355e\" data-element_type=\"section\" data-e-type=\"section\" data-settings=\"{&quot;background_background&quot;:&quot;classic&quot;}\">\n\t\t\t\t\t\t\t<div class=\"elementor-background-overlay\"><\/div>\n\t\t\t\t\t\t\t<div class=\"elementor-container elementor-column-gap-default\">\n\t\t\t\t\t<div class=\"elementor-column elementor-col-100 elementor-top-column elementor-element elementor-element-617fdec\" data-id=\"617fdec\" data-element_type=\"column\" data-e-type=\"column\">\n\t\t\t<div class=\"elementor-widget-wrap elementor-element-populated\">\n\t\t\t\t\t\t<div class=\"elementor-element elementor-element-9eda4b8 elementor-widget elementor-widget-heading\" data-id=\"9eda4b8\" data-element_type=\"widget\" data-e-type=\"widget\" data-widget_type=\"heading.default\">\n\t\t\t\t<div class=\"elementor-widget-container\">\n\t\t\t\t\t<h5 class=\"elementor-heading-title elementor-size-default\">Cours de formation sur la s\u00e9curit\u00e9 \u00e0 moto <\/h5>\t\t\t\t<\/div>\n\t\t\t\t<\/div>\n\t\t\t\t<div class=\"elementor-element elementor-element-86ca96f elementor-widget elementor-widget-heading\" data-id=\"86ca96f\" data-element_type=\"widget\" data-e-type=\"widget\" data-widget_type=\"heading.default\">\n\t\t\t\t<div class=\"elementor-widget-container\">\n\t\t\t\t\t<h2 class=\"elementor-heading-title elementor-size-default\">Choisissez le bon cours de moto<\/h2>\t\t\t\t<\/div>\n\t\t\t\t<\/div>\n\t\t\t\t<div class=\"elementor-element elementor-element-771586d elementor-widget elementor-widget-text-editor\" data-id=\"771586d\" data-element_type=\"widget\" data-e-type=\"widget\" data-widget_type=\"text-editor.default\">\n\t\t\t\t<div class=\"elementor-widget-container\">\n\t\t\t\t\t\t\t\t\t<p>WMST propose une large gamme de programmes qui permettront aux motocyclistes d\u00e9butants, interm\u00e9diaires et exp\u00e9riment\u00e9s de lib\u00e9rer leur potentiel.<\/p>\t\t\t\t\t\t\t\t<\/div>\n\t\t\t\t<\/div>\n\t\t\t\t<section class=\"elementor-section elementor-inner-section elementor-element elementor-element-c2b9046 elementor-section-boxed elementor-section-height-default elementor-section-height-default\" data-id=\"c2b9046\" data-element_type=\"section\" data-e-type=\"section\">\n\t\t\t\t\t\t<div class=\"elementor-container elementor-column-gap-default\">\n\t\t\t\t\t<div class=\"elementor-column elementor-col-50 elementor-inner-column elementor-element elementor-element-84e4146\" data-id=\"84e4146\" data-element_type=\"column\" data-e-type=\"column\" data-settings=\"{&quot;background_background&quot;:&quot;classic&quot;}\">\n\t\t\t<div class=\"elementor-widget-wrap elementor-element-populated\">\n\t\t\t\t\t<div class=\"elementor-background-overlay\"><\/div>\n\t\t\t\t\t\t<div class=\"elementor-element elementor-element-b84cd3f elementor-view-default elementor-widget elementor-widget-icon\" data-id=\"b84cd3f\" data-element_type=\"widget\" data-e-type=\"widget\" data-widget_type=\"icon.default\">\n\t\t\t\t<div class=\"elementor-widget-container\">\n\t\t\t\t\t\t\t<div class=\"elementor-icon-wrapper\">\n\t\t\t<div class=\"elementor-icon\">\n\t\t\t<i aria-hidden=\"true\" class=\"fas fa-motorcycle\"><\/i>\t\t\t<\/div>\n\t\t<\/div>\n\t\t\t\t\t\t<\/div>\n\t\t\t\t<\/div>\n\t\t\t\t<div class=\"elementor-element elementor-element-0d1a166 elementor-widget elementor-widget-heading\" data-id=\"0d1a166\" data-element_type=\"widget\" data-e-type=\"widget\" data-widget_type=\"heading.default\">\n\t\t\t\t<div class=\"elementor-widget-container\">\n\t\t\t\t\t<h2 class=\"elementor-heading-title elementor-size-default\">KickStart<\/h2>\t\t\t\t<\/div>\n\t\t\t\t<\/div>\n\t\t\t\t<div class=\"elementor-element elementor-element-19147f5 elementor-widget elementor-widget-text-editor\" data-id=\"19147f5\" data-element_type=\"widget\" data-e-type=\"widget\" data-widget_type=\"text-editor.default\">\n\t\t\t\t<div class=\"elementor-widget-container\">\n\t\t\t\t\t\t\t\t\t<p>Ce cours est destin\u00e9 aux pilotes qui n&#039;ont aucune exp\u00e9rience pr\u00e9alable avec les motos.<\/p>\t\t\t\t\t\t\t\t<\/div>\n\t\t\t\t<\/div>\n\t\t\t\t<div class=\"elementor-element elementor-element-da668d9 elementor-align-center elementor-widget elementor-widget-button\" data-id=\"da668d9\" data-element_type=\"widget\" data-e-type=\"widget\" data-widget_type=\"button.default\">\n\t\t\t\t<div class=\"elementor-widget-container\">\n\t\t\t\t\t\t\t\t\t<div class=\"elementor-button-wrapper\">\n\t\t\t\t\t<a class=\"elementor-button elementor-button-link elementor-size-md elementor-animation-float\" href=\"http:\/\/gowmst.com\/fr\/moto-washington-moto-securite-formation-permis-approbation-test-dol-approuve\/moto-kickstart-basic-classe-moto\/\">\n\t\t\t\t\t\t<span class=\"elementor-button-content-wrapper\">\n\t\t\t\t\t\t<span class=\"elementor-button-icon\">\n\t\t\t\t<i aria-hidden=\"true\" class=\"fas fa-arrow-right\"><\/i>\t\t\t<\/span>\n\t\t\t\t\t\t\t\t\t<span class=\"elementor-button-text\">Inscrivez-vous ici<\/span>\n\t\t\t\t\t<\/span>\n\t\t\t\t\t<\/a>\n\t\t\t\t<\/div>\n\t\t\t\t\t\t\t\t<\/div>\n\t\t\t\t<\/div>\n\t\t\t\t<div class=\"elementor-element elementor-element-ab391ed elementor-widget elementor-widget-spacer\" data-id=\"ab391ed\" data-element_type=\"widget\" data-e-type=\"widget\" data-widget_type=\"spacer.default\">\n\t\t\t\t<div class=\"elementor-widget-container\">\n\t\t\t\t\t\t\t<div class=\"elementor-spacer\">\n\t\t\t<div class=\"elementor-spacer-inner\"><\/div>\n\t\t<\/div>\n\t\t\t\t\t\t<\/div>\n\t\t\t\t<\/div>\n\t\t\t\t\t<\/div>\n\t\t<\/div>\n\t\t\t\t<div class=\"elementor-column elementor-col-50 elementor-inner-column elementor-element elementor-element-cdffd97\" data-id=\"cdffd97\" data-element_type=\"column\" data-e-type=\"column\" data-settings=\"{&quot;background_background&quot;:&quot;classic&quot;}\">\n\t\t\t<div class=\"elementor-widget-wrap elementor-element-populated\">\n\t\t\t\t\t<div class=\"elementor-background-overlay\"><\/div>\n\t\t\t\t\t\t<div class=\"elementor-element elementor-element-22720e8 elementor-view-default elementor-widget elementor-widget-icon\" data-id=\"22720e8\" data-element_type=\"widget\" data-e-type=\"widget\" data-widget_type=\"icon.default\">\n\t\t\t\t<div class=\"elementor-widget-container\">\n\t\t\t\t\t\t\t<div class=\"elementor-icon-wrapper\">\n\t\t\t<div class=\"elementor-icon\">\n\t\t\t<i aria-hidden=\"true\" class=\"fas fa-motorcycle\"><\/i>\t\t\t<\/div>\n\t\t<\/div>\n\t\t\t\t\t\t<\/div>\n\t\t\t\t<\/div>\n\t\t\t\t<div class=\"elementor-element elementor-element-b4cb66b elementor-widget elementor-widget-heading\" data-id=\"b4cb66b\" data-element_type=\"widget\" data-e-type=\"widget\" data-widget_type=\"heading.default\">\n\t\t\t\t<div class=\"elementor-widget-container\">\n\t\t\t\t\t<h2 class=\"elementor-heading-title elementor-size-default\">Permis D\u00e9butant<\/h2>\t\t\t\t<\/div>\n\t\t\t\t<\/div>\n\t\t\t\t<div class=\"elementor-element elementor-element-ee3b60f elementor-widget elementor-widget-text-editor\" data-id=\"ee3b60f\" data-element_type=\"widget\" data-e-type=\"widget\" data-widget_type=\"text-editor.default\">\n\t\t\t\t<div class=\"elementor-widget-container\">\n\t\t\t\t\t\t\t\t\t<p>Ce cours de niveau permis offre les bases de la moto et des comp\u00e9tences de s\u00e9curit\u00e9 du conducteur \u00e0 un rythme appropri\u00e9 pour les nouveaux conducteurs ou les conducteurs qui reviennent \u00e0 la moto.<\/p>\t\t\t\t\t\t\t\t<\/div>\n\t\t\t\t<\/div>\n\t\t\t\t<div class=\"elementor-element elementor-element-ce76832 elementor-align-center elementor-widget elementor-widget-button\" data-id=\"ce76832\" data-element_type=\"widget\" data-e-type=\"widget\" data-widget_type=\"button.default\">\n\t\t\t\t<div class=\"elementor-widget-container\">\n\t\t\t\t\t\t\t\t\t<div class=\"elementor-button-wrapper\">\n\t\t\t\t\t<a class=\"elementor-button elementor-button-link elementor-size-md elementor-animation-float\" href=\"http:\/\/gowmst.com\/fr\/moto-washington-moto-securite-formation-permis-approbation-test-dol-approuve\/stages-permis-moto-qualifiants-pour-pilotes-debutants\/\">\n\t\t\t\t\t\t<span class=\"elementor-button-content-wrapper\">\n\t\t\t\t\t\t<span class=\"elementor-button-icon\">\n\t\t\t\t<i aria-hidden=\"true\" class=\"fas fa-arrow-right\"><\/i>\t\t\t<\/span>\n\t\t\t\t\t\t\t\t\t<span class=\"elementor-button-text\">Inscrivez-vous ici<\/span>\n\t\t\t\t\t<\/span>\n\t\t\t\t\t<\/a>\n\t\t\t\t<\/div>\n\t\t\t\t\t\t\t\t<\/div>\n\t\t\t\t<\/div>\n\t\t\t\t<div class=\"elementor-element elementor-element-90f7bb6 elementor-widget elementor-widget-spacer\" data-id=\"90f7bb6\" data-element_type=\"widget\" data-e-type=\"widget\" data-widget_type=\"spacer.default\">\n\t\t\t\t<div class=\"elementor-widget-container\">\n\t\t\t\t\t\t\t<div class=\"elementor-spacer\">\n\t\t\t<div class=\"elementor-spacer-inner\"><\/div>\n\t\t<\/div>\n\t\t\t\t\t\t<\/div>\n\t\t\t\t<\/div>\n\t\t\t\t\t<\/div>\n\t\t<\/div>\n\t\t\t\t\t<\/div>\n\t\t<\/section>\n\t\t\t\t\t<\/div>\n\t\t<\/div>\n\t\t\t\t\t<\/div>\n\t\t<\/section>\n\t\t\t\t<\/div>","protected":false},"excerpt":{"rendered":"<p>Motorcycle Beginner Courses Washington Motorcycle Safety Training Motorcycle Safety Training Courses Choose The Right Motorcycle Course WMST offers a wide range of programs that will enable new, intermediate and experienced motorcycle riders to unlock their potential. KickStart This course is for riders that have no prior experience with motorcycles. Register Here Beginner Permit This permit [&hellip;]<\/p>\n","protected":false},"author":6,"featured_media":0,"parent":5434,"menu_order":0,"comment_status":"closed","ping_status":"closed","template":"elementor_header_footer","meta":{"_eb_attr":"","footnotes":""},"class_list":["post-9853","page","type-page","status-publish","hentry"],"yoast_head":"<!-- This site is optimized with the Yoast SEO plugin v27.4 - https:\/\/yoast.com\/product\/yoast-seo-wordpress\/ -->\n<title>Motorcycle | Beginner Courses - WMST<\/title>\n<meta name=\"robots\" content=\"index, follow, max-snippet:-1, max-image-preview:large, max-video-preview:-1\" \/>\n<link rel=\"canonical\" href=\"https:\/\/gowmst.com\/fr\/moto-washington-moto-securite-formation-permis-approbation-test-dol-approuve\/cours-initiation-moto\/\" \/>\n<meta property=\"og:locale\" content=\"fr_CA\" \/>\n<meta property=\"og:type\" content=\"article\" \/>\n<meta property=\"og:title\" content=\"Motorcycle | Beginner Courses - WMST\" \/>\n<meta property=\"og:description\" content=\"Motorcycle Beginner Courses Washington Motorcycle Safety Training Motorcycle Safety Training Courses Choose The Right Motorcycle Course WMST offers a wide range of programs that will enable new, intermediate and experienced motorcycle riders to unlock their potential. KickStart This course is for riders that have no prior experience with motorcycles. Register Here Beginner Permit This permit [&hellip;]\" \/>\n<meta property=\"og:url\" content=\"https:\/\/gowmst.com\/fr\/moto-washington-moto-securite-formation-permis-approbation-test-dol-approuve\/cours-initiation-moto\/\" \/>\n<meta property=\"og:site_name\" content=\"WMST\" \/>\n<meta property=\"article:modified_time\" content=\"2026-01-05T23:41:38+00:00\" \/>\n<meta name=\"twitter:card\" content=\"summary_large_image\" \/>\n<meta name=\"twitter:label1\" content=\"Estimation du temps de lecture\" \/>\n\t<meta name=\"twitter:data1\" content=\"1 minute\" \/>\n<!-- \/ Yoast SEO plugin. -->","yoast_head_json":{"title":"Motorcycle | Beginner Courses - WMST","robots":{"index":"index","follow":"follow","max-snippet":"max-snippet:-1","max-image-preview":"max-image-preview:large","max-video-preview":"max-video-preview:-1"},"canonical":"https:\/\/gowmst.com\/fr\/moto-washington-moto-securite-formation-permis-approbation-test-dol-approuve\/cours-initiation-moto\/","og_locale":"fr_CA","og_type":"article","og_title":"Motorcycle | Beginner Courses - WMST","og_description":"Motorcycle Beginner Courses Washington Motorcycle Safety Training Motorcycle Safety Training Courses Choose The Right Motorcycle Course WMST offers a wide range of programs that will enable new, intermediate and experienced motorcycle riders to unlock their potential. KickStart This course is for riders that have no prior experience with motorcycles. Register Here Beginner Permit This permit [&hellip;]","og_url":"https:\/\/gowmst.com\/fr\/moto-washington-moto-securite-formation-permis-approbation-test-dol-approuve\/cours-initiation-moto\/","og_site_name":"WMST","article_modified_time":"2026-01-05T23:41:38+00:00","twitter_card":"summary_large_image","twitter_misc":{"Estimation du temps de lecture":"1 minute"},"schema":{"@context":"https:\/\/schema.org","@graph":[{"@type":"WebPage","@id":"https:\/\/gowmst.com\/motorcycle-washington-motorcycle-safety-training-permit-endorsement-testing-dol-approved\/motorcycle-beginner-courses\/","url":"https:\/\/gowmst.com\/motorcycle-washington-motorcycle-safety-training-permit-endorsement-testing-dol-approved\/motorcycle-beginner-courses\/","name":"Motorcycle | Beginner Courses - WMST","isPartOf":{"@id":"https:\/\/gowmst.com\/es\/#website"},"datePublished":"2022-03-25T20:38:26+00:00","dateModified":"2026-01-05T23:41:38+00:00","breadcrumb":{"@id":"https:\/\/gowmst.com\/motorcycle-washington-motorcycle-safety-training-permit-endorsement-testing-dol-approved\/motorcycle-beginner-courses\/#breadcrumb"},"inLanguage":"fr-CA","potentialAction":[{"@type":"ReadAction","target":["https:\/\/gowmst.com\/motorcycle-washington-motorcycle-safety-training-permit-endorsement-testing-dol-approved\/motorcycle-beginner-courses\/"]}]},{"@type":"BreadcrumbList","@id":"https:\/\/gowmst.com\/motorcycle-washington-motorcycle-safety-training-permit-endorsement-testing-dol-approved\/motorcycle-beginner-courses\/#breadcrumb","itemListElement":[{"@type":"ListItem","position":1,"name":"Home","item":"https:\/\/gowmst.com\/"},{"@type":"ListItem","position":2,"name":"Motorcycle | Washington Motorcycle Safety Training Permit Endorsement Testing DOL Approved","item":"https:\/\/gowmst.com\/motorcycle-washington-motorcycle-safety-training-permit-endorsement-testing-dol-approved\/"},{"@type":"ListItem","position":3,"name":"Motorcycle | Beginner Courses"}]},{"@type":"WebSite","@id":"https:\/\/gowmst.com\/es\/#website","url":"https:\/\/gowmst.com\/es\/","name":"WMST","description":"Drivers Education &amp; Motorcycle Safety Training","potentialAction":[{"@type":"SearchAction","target":{"@type":"EntryPoint","urlTemplate":"https:\/\/gowmst.com\/es\/?s={search_term_string}"},"query-input":{"@type":"PropertyValueSpecification","valueRequired":true,"valueName":"search_term_string"}}],"inLanguage":"fr-CA"}]}},"_links":{"self":[{"href":"https:\/\/gowmst.com\/fr\/wp-json\/wp\/v2\/pages\/9853","targetHints":{"allow":["GET"]}}],"collection":[{"href":"https:\/\/gowmst.com\/fr\/wp-json\/wp\/v2\/pages"}],"about":[{"href":"https:\/\/gowmst.com\/fr\/wp-json\/wp\/v2\/types\/page"}],"author":[{"embeddable":true,"href":"https:\/\/gowmst.com\/fr\/wp-json\/wp\/v2\/users\/6"}],"replies":[{"embeddable":true,"href":"https:\/\/gowmst.com\/fr\/wp-json\/wp\/v2\/comments?post=9853"}],"version-history":[{"count":22,"href":"https:\/\/gowmst.com\/fr\/wp-json\/wp\/v2\/pages\/9853\/revisions"}],"predecessor-version":[{"id":18500,"href":"https:\/\/gowmst.com\/fr\/wp-json\/wp\/v2\/pages\/9853\/revisions\/18500"}],"up":[{"embeddable":true,"href":"https:\/\/gowmst.com\/fr\/wp-json\/wp\/v2\/pages\/5434"}],"wp:attachment":[{"href":"https:\/\/gowmst.com\/fr\/wp-json\/wp\/v2\/media?parent=9853"}],"curies":[{"name":"wp","href":"https:\/\/api.w.org\/{rel}","templated":true}]}}