{"id":11042,"date":"2022-06-28T19:35:59","date_gmt":"2022-06-28T19:35:59","guid":{"rendered":"http:\/\/pnw.venbit.net\/?page_id=11042"},"modified":"2025-05-16T06:18:23","modified_gmt":"2025-05-15T21:18:23","slug":"drive-instructor-login","status":"publish","type":"page","link":"https:\/\/gowmst.com\/fr\/drive-washington-motorist-safety-training-drivers-education-permit-license-testing-dol-approved\/drive-instructor-login\/","title":{"rendered":"Drive | Instructor Login"},"content":{"rendered":"<div data-elementor-type=\"wp-page\" data-elementor-id=\"11042\" class=\"elementor elementor-11042\" data-elementor-post-type=\"page\">\n\t\t\t\t\t\t<section class=\"elementor-section elementor-top-section elementor-element elementor-element-4d84ee8 elementor-section-boxed elementor-section-height-default elementor-section-height-default\" data-id=\"4d84ee8\" data-element_type=\"section\" data-e-type=\"section\" data-settings=\"{&quot;background_background&quot;:&quot;classic&quot;}\">\n\t\t\t\t\t\t<div class=\"elementor-container elementor-column-gap-default\">\n\t\t\t\t\t<div class=\"elementor-column elementor-col-100 elementor-top-column elementor-element elementor-element-c7104fd\" data-id=\"c7104fd\" data-element_type=\"column\" data-e-type=\"column\">\n\t\t\t<div class=\"elementor-widget-wrap elementor-element-populated\">\n\t\t\t\t\t\t<section class=\"elementor-section elementor-inner-section elementor-element elementor-element-e52f184 elementor-section-boxed elementor-section-height-default elementor-section-height-default\" data-id=\"e52f184\" data-element_type=\"section\" data-e-type=\"section\">\n\t\t\t\t\t\t<div class=\"elementor-container elementor-column-gap-default\">\n\t\t\t\t\t<div class=\"elementor-column elementor-col-50 elementor-inner-column elementor-element elementor-element-b7e9d29\" data-id=\"b7e9d29\" data-element_type=\"column\" data-e-type=\"column\" data-settings=\"{&quot;background_background&quot;:&quot;classic&quot;}\">\n\t\t\t<div class=\"elementor-widget-wrap elementor-element-populated\">\n\t\t\t\t\t\t<div class=\"elementor-element elementor-element-9bce399 elementor-widget elementor-widget-spacer\" data-id=\"9bce399\" data-element_type=\"widget\" data-e-type=\"widget\" data-widget_type=\"spacer.default\">\n\t\t\t\t<div class=\"elementor-widget-container\">\n\t\t\t\t\t\t\t<div class=\"elementor-spacer\">\n\t\t\t<div class=\"elementor-spacer-inner\"><\/div>\n\t\t<\/div>\n\t\t\t\t\t\t<\/div>\n\t\t\t\t<\/div>\n\t\t\t\t<div class=\"elementor-element elementor-element-5f0bb78 elementor-view-default elementor-widget elementor-widget-icon\" data-id=\"5f0bb78\" data-element_type=\"widget\" data-e-type=\"widget\" data-widget_type=\"icon.default\">\n\t\t\t\t<div class=\"elementor-widget-container\">\n\t\t\t\t\t\t\t<div class=\"elementor-icon-wrapper\">\n\t\t\t<div class=\"elementor-icon\">\n\t\t\t<i aria-hidden=\"true\" class=\"fas fa-car\"><\/i>\t\t\t<\/div>\n\t\t<\/div>\n\t\t\t\t\t\t<\/div>\n\t\t\t\t<\/div>\n\t\t\t\t<div class=\"elementor-element elementor-element-f5237f5 elementor-widget elementor-widget-heading\" data-id=\"f5237f5\" data-element_type=\"widget\" data-e-type=\"widget\" data-widget_type=\"heading.default\">\n\t\t\t\t<div class=\"elementor-widget-container\">\n\t\t\t\t\t<h2 class=\"elementor-heading-title elementor-size-default\">Bienvenue aux instructeurs de conduite<\/h2>\t\t\t\t<\/div>\n\t\t\t\t<\/div>\n\t\t\t\t<div class=\"elementor-element elementor-element-97e3df7 elementor-widget elementor-widget-text-editor\" data-id=\"97e3df7\" data-element_type=\"widget\" data-e-type=\"widget\" data-widget_type=\"text-editor.default\">\n\t\t\t\t<div class=\"elementor-widget-container\">\n\t\t\t\t\t\t\t\t\t<p>Veuillez vous connecter pour acc\u00e9der \u00e0 votre horaire, aux documents WMST et \u00e0 la formation des instructeurs de conduite.<\/p>\t\t\t\t\t\t\t\t<\/div>\n\t\t\t\t<\/div>\n\t\t\t\t<div class=\"elementor-element elementor-element-1b73440 elementor-widget elementor-widget-heading\" data-id=\"1b73440\" data-element_type=\"widget\" data-e-type=\"widget\" data-widget_type=\"heading.default\">\n\t\t\t\t<div class=\"elementor-widget-container\">\n\t\t\t\t\t<h3 class=\"elementor-heading-title elementor-size-default\">Connecter les communaut\u00e9s Inspirer des routes plus s\u00fbres<\/h3>\t\t\t\t<\/div>\n\t\t\t\t<\/div>\n\t\t\t\t<div class=\"elementor-element elementor-element-4160c6a elementor-widget elementor-widget-spacer\" data-id=\"4160c6a\" data-element_type=\"widget\" data-e-type=\"widget\" data-widget_type=\"spacer.default\">\n\t\t\t\t<div class=\"elementor-widget-container\">\n\t\t\t\t\t\t\t<div class=\"elementor-spacer\">\n\t\t\t<div class=\"elementor-spacer-inner\"><\/div>\n\t\t<\/div>\n\t\t\t\t\t\t<\/div>\n\t\t\t\t<\/div>\n\t\t\t\t\t<\/div>\n\t\t<\/div>\n\t\t\t\t<div class=\"elementor-column elementor-col-50 elementor-inner-column elementor-element elementor-element-148c0e8\" data-id=\"148c0e8\" data-element_type=\"column\" data-e-type=\"column\" data-settings=\"{&quot;background_background&quot;:&quot;classic&quot;}\">\n\t\t\t<div class=\"elementor-widget-wrap elementor-element-populated\">\n\t\t\t\t\t\t<div class=\"elementor-element elementor-element-3e5b1ff elementor-widget elementor-widget-login\" data-id=\"3e5b1ff\" data-element_type=\"widget\" data-e-type=\"widget\" data-widget_type=\"login.default\">\n\t\t\t\t<div class=\"elementor-widget-container\">\n\t\t\t\t\t\t\t<form class=\"elementor-login elementor-form\" method=\"post\" action=\"https:\/\/gowmst.com\/wp-login.php\" aria-label=\"Login form\">\n\t\t\t<input type=\"hidden\" name=\"redirect_to\" value=\"http:\/\/gowmst.com\/motorcycle-washington-motorcycle-safety-training-permit-endorsement-testing-dol-approved\/drive-instructor-resources\/\">\n\t\t\t<div class=\"elementor-form-fields-wrapper\">\n\t\t\t\t<div class=\"elementor-field-type-text elementor-field-group elementor-column elementor-col-100 elementor-field-required\">\n\t\t\t\t\t<label for=\"user-3e5b1ff\" class=\"elementor-field-label\">nom d&#039;utilisateur ou adresse e-mail<\/label>\n\t\t\t\t\t<input size=\"1\" type=\"text\" name=\"log\" id=\"user-3e5b1ff\" placeholder=\"\" class=\"elementor-field elementor-field-textual elementor-size-md\">\n\t\t\t\t<\/div>\n\t\t\t\t<div class=\"elementor-field-type-text elementor-field-group elementor-column elementor-col-100 elementor-field-required\">\n\t\t\t\t\t<label for=\"password-3e5b1ff\" class=\"elementor-field-label\">Mot de passe<\/label>\n\t\t\t\t\t<input size=\"1\" type=\"password\" name=\"pwd\" id=\"password-3e5b1ff\" placeholder=\"\" class=\"elementor-field elementor-field-textual elementor-size-md\">\n\t\t\t\t<\/div>\n\n\t\t\t\t\t\t\t\t\t<div class=\"elementor-field-type-checkbox elementor-field-group elementor-column elementor-col-100 elementor-remember-me\">\n\t\t\t\t\t\t<label for=\"elementor-login-remember-me\">\n\t\t\t\t\t\t\t<input type=\"checkbox\" id=\"elementor-login-remember-me\" name=\"rememberme\" value=\"forever\">\n\t\t\t\t\t\t\tSe souvenir de moi\t\t\t\t\t\t<\/label>\n\t\t\t\t\t<\/div>\n\t\t\t\t\n\t\t\t\t<div class=\"elementor-field-group elementor-column elementor-field-type-submit elementor-col-100\">\n\t\t\t\t\t<button type=\"submit\" class=\"elementor-size-lg elementor-animation-float elementor-button\" name=\"wp-submit\">\n\t\t\t\t\t\t\t\t\t\t\t\t\t\t\t<span class=\"elementor-button-text\">Connexion<\/span>\n\t\t\t\t\t\t\t\t\t\t\t\t<\/button>\n\t\t\t\t<\/div>\n\n\t\t\t\t\t\t\t\t\t<div class=\"elementor-field-group elementor-column elementor-col-100\">\n\t\t\t\t\t\t\t\t\t\t\t\t\t\t\t\t\t\t\t\t<a class=\"elementor-lost-password\" href=\"https:\/\/gowmst.com\/wp-login.php?action=lostpassword&redirect_to=http%3A%2F%2Fgowmst.com%2Fmotorcycle-washington-motorcycle-safety-training-permit-endorsement-testing-dol-approved%2Fdrive-instructor-resources%2F\">\n\t\t\t\t\t\t\t\tMot de passe perdu\u00a0?\t\t\t\t\t\t\t<\/a>\n\t\t\t\t\t\t\n\t\t\t\t\t\t\t\t\t\t\t<\/div>\n\t\t\t\t\t\t\t<\/div>\n\t\t<\/form>\n\t\t\t\t\t\t<\/div>\n\t\t\t\t<\/div>\n\t\t\t\t\t<\/div>\n\t\t<\/div>\n\t\t\t\t\t<\/div>\n\t\t<\/section>\n\t\t\t\t\t<\/div>\n\t\t<\/div>\n\t\t\t\t\t<\/div>\n\t\t<\/section>\n\t\t\t\t<\/div>","protected":false},"excerpt":{"rendered":"<p>Welcome Drive Instructors Please login to access your schedule, WMST documents &amp; drive instructor training. Connecting Communities Inspiring Safer Roads<\/p>","protected":false},"author":6,"featured_media":0,"parent":5436,"menu_order":0,"comment_status":"closed","ping_status":"closed","template":"elementor_header_footer","meta":{"_eb_attr":"","footnotes":""},"class_list":["post-11042","page","type-page","status-publish","hentry"],"yoast_head":"<!-- This site is optimized with the Yoast SEO plugin v27.4 - https:\/\/yoast.com\/product\/yoast-seo-wordpress\/ -->\n<title>Drive | Instructor Login - WMST<\/title>\n<meta name=\"robots\" content=\"index, follow, max-snippet:-1, max-image-preview:large, max-video-preview:-1\" \/>\n<link rel=\"canonical\" href=\"https:\/\/gowmst.com\/fr\/drive-washington-motorist-safety-training-drivers-education-permit-license-testing-dol-approved\/drive-instructor-login\/\" \/>\n<meta property=\"og:locale\" content=\"fr_CA\" \/>\n<meta property=\"og:type\" content=\"article\" \/>\n<meta property=\"og:title\" content=\"Drive | Instructor Login - WMST\" \/>\n<meta property=\"og:description\" content=\"Welcome Drive Instructors Please login to access your schedule, WMST documents &amp; drive instructor training. Connecting Communities Inspiring Safer Roads\" \/>\n<meta property=\"og:url\" content=\"https:\/\/gowmst.com\/fr\/drive-washington-motorist-safety-training-drivers-education-permit-license-testing-dol-approved\/drive-instructor-login\/\" \/>\n<meta property=\"og:site_name\" content=\"WMST\" \/>\n<meta property=\"article:modified_time\" content=\"2025-05-15T21:18:23+00:00\" \/>\n<meta name=\"twitter:card\" content=\"summary_large_image\" \/>\n<meta name=\"twitter:label1\" content=\"Estimation du temps de lecture\" \/>\n\t<meta name=\"twitter:data1\" content=\"1 minute\" \/>\n<!-- \/ Yoast SEO plugin. -->","yoast_head_json":{"title":"Drive | Instructor Login - WMST","robots":{"index":"index","follow":"follow","max-snippet":"max-snippet:-1","max-image-preview":"max-image-preview:large","max-video-preview":"max-video-preview:-1"},"canonical":"https:\/\/gowmst.com\/fr\/drive-washington-motorist-safety-training-drivers-education-permit-license-testing-dol-approved\/drive-instructor-login\/","og_locale":"fr_CA","og_type":"article","og_title":"Drive | Instructor Login - WMST","og_description":"Welcome Drive Instructors Please login to access your schedule, WMST documents &amp; drive instructor training. Connecting Communities Inspiring Safer Roads","og_url":"https:\/\/gowmst.com\/fr\/drive-washington-motorist-safety-training-drivers-education-permit-license-testing-dol-approved\/drive-instructor-login\/","og_site_name":"WMST","article_modified_time":"2025-05-15T21:18:23+00:00","twitter_card":"summary_large_image","twitter_misc":{"Estimation du temps de lecture":"1 minute"},"schema":{"@context":"https:\/\/schema.org","@graph":[{"@type":"WebPage","@id":"https:\/\/gowmst.com\/drive-washington-motorist-safety-training-drivers-education-permit-license-testing-dol-approved\/drive-instructor-login\/","url":"https:\/\/gowmst.com\/drive-washington-motorist-safety-training-drivers-education-permit-license-testing-dol-approved\/drive-instructor-login\/","name":"Drive | Instructor Login - WMST","isPartOf":{"@id":"https:\/\/gowmst.com\/es\/#website"},"datePublished":"2022-06-28T19:35:59+00:00","dateModified":"2025-05-15T21:18:23+00:00","breadcrumb":{"@id":"https:\/\/gowmst.com\/drive-washington-motorist-safety-training-drivers-education-permit-license-testing-dol-approved\/drive-instructor-login\/#breadcrumb"},"inLanguage":"fr-CA","potentialAction":[{"@type":"ReadAction","target":["https:\/\/gowmst.com\/drive-washington-motorist-safety-training-drivers-education-permit-license-testing-dol-approved\/drive-instructor-login\/"]}]},{"@type":"BreadcrumbList","@id":"https:\/\/gowmst.com\/drive-washington-motorist-safety-training-drivers-education-permit-license-testing-dol-approved\/drive-instructor-login\/#breadcrumb","itemListElement":[{"@type":"ListItem","position":1,"name":"Home","item":"https:\/\/gowmst.com\/"},{"@type":"ListItem","position":2,"name":"Drive | Washington Motorist Safety Training Drivers Education Permit License Testing DOL Approved","item":"https:\/\/gowmst.com\/ja\/%e3%83%89%e3%83%a9%e3%82%a4%e3%83%96-%e3%83%af%e3%82%b7%e3%83%b3%e3%83%88%e3%83%b3-%e9%81%8b%e8%bb%a2%e6%89%8b-%e5%ae%89%e5%85%a8-%e3%83%88%e3%83%ac%e3%83%bc%e3%83%8b%e3%83%b3%e3%82%b0-%e3%83%89\/"},{"@type":"ListItem","position":3,"name":"Drive | Instructor Login"}]},{"@type":"WebSite","@id":"https:\/\/gowmst.com\/es\/#website","url":"https:\/\/gowmst.com\/es\/","name":"WMST","description":"Drivers Education &amp; Motorcycle Safety Training","potentialAction":[{"@type":"SearchAction","target":{"@type":"EntryPoint","urlTemplate":"https:\/\/gowmst.com\/es\/?s={search_term_string}"},"query-input":{"@type":"PropertyValueSpecification","valueRequired":true,"valueName":"search_term_string"}}],"inLanguage":"fr-CA"}]}},"_links":{"self":[{"href":"https:\/\/gowmst.com\/fr\/wp-json\/wp\/v2\/pages\/11042","targetHints":{"allow":["GET"]}}],"collection":[{"href":"https:\/\/gowmst.com\/fr\/wp-json\/wp\/v2\/pages"}],"about":[{"href":"https:\/\/gowmst.com\/fr\/wp-json\/wp\/v2\/types\/page"}],"author":[{"embeddable":true,"href":"https:\/\/gowmst.com\/fr\/wp-json\/wp\/v2\/users\/6"}],"replies":[{"embeddable":true,"href":"https:\/\/gowmst.com\/fr\/wp-json\/wp\/v2\/comments?post=11042"}],"version-history":[{"count":19,"href":"https:\/\/gowmst.com\/fr\/wp-json\/wp\/v2\/pages\/11042\/revisions"}],"predecessor-version":[{"id":15231,"href":"https:\/\/gowmst.com\/fr\/wp-json\/wp\/v2\/pages\/11042\/revisions\/15231"}],"up":[{"embeddable":true,"href":"https:\/\/gowmst.com\/fr\/wp-json\/wp\/v2\/pages\/5436"}],"wp:attachment":[{"href":"https:\/\/gowmst.com\/fr\/wp-json\/wp\/v2\/media?parent=11042"}],"curies":[{"name":"wp","href":"https:\/\/api.w.org\/{rel}","templated":true}]}}